{"id":7644,"date":"2023-09-13T13:30:56","date_gmt":"2023-09-13T11:30:56","guid":{"rendered":"https:\/\/www.tibethaus.com\/?post_type=product&#038;p=7644"},"modified":"2023-11-30T12:03:16","modified_gmt":"2023-11-30T11:03:16","slug":"buddhistische-zuflucht-einfuehrende-erklaerungen","status":"publish","type":"product","link":"https:\/\/www.tibethaus.com\/zh-hans\/produkt\/buddhistische-zuflucht-einfuehrende-erklaerungen\/","title":{"rendered":"Buddhistische Zuflucht &#8211; Einf\u00fchrende Erkl\u00e4rungen"},"content":{"rendered":"<p>Grundlage dieses Heftes sind die Unterweisungen, die S.E. Dagyab Kyabg\u00f6n Rinpoche in den letzten Jahren \u00fcber das Thema Zuflucht gegeben hat.<\/p>\n<p class=\"p1\">Bitte auf den Link klicken und die ge\u00f6ffnete Datei speichern -&gt; <a href=\"https:\/\/www.tibethaus.com\/wp-content\/uploads\/Buddhistische_Zuflucht_web.pdf\">Buddhistische_Zuflucht_web<\/a><\/p>\n","protected":false},"excerpt":{"rendered":"<p>Grundlage dieses Heftes sind die Unterweisungen, die S.E. Dagyab Kyabg\u00f6n Rinpoche in den letzten Jahren \u00fcber das Thema Zuflucht gegeben hat.<\/p>\n<p class=\"p1\">Bitte auf den Link klicken und die ge\u00f6ffnete Datei speichern -&gt; <a href=\"https:\/\/www.tibethaus.com\/wp-content\/uploads\/Buddhistische_Zuflucht_web.pdf\">Buddhistische_Zuflucht_web<\/a><\/p>\n","protected":false},"featured_media":7649,"template":"","meta":{"_acf_changed":false,"inline_featured_image":false,"_price":"","_stock":"","_tribe_ticket_header":"","_tribe_default_ticket_provider":"","_ticket_start_date":"","_ticket_end_date":"","_tribe_ticket_show_description":"","_tribe_ticket_show_not_going":false,"_tribe_ticket_use_global_stock":"","_tribe_ticket_global_stock_level":"","_global_stock_mode":"","_global_stock_cap":"","_tribe_rsvp_for_event":"","_tribe_ticket_going_count":"","_tribe_ticket_not_going_count":"","_tribe_tickets_list":"[]","_tribe_ticket_has_attendee_info_fields":false,"_tec_slr_enabled":"","_tec_slr_layout":""},"product_brand":[],"product_cat":[230,229,94],"product_tag":[161,282],"class_list":{"0":"post-7644","1":"product","2":"type-product","3":"status-publish","4":"has-post-thumbnail","6":"product_cat-broschueren-transkriptionen","7":"product_cat-kostenlos-shop","8":"product_cat-verlagsshop","9":"product_tag-dagyab-rinpoche","10":"product_tag-kostenlos","11":"sales-flash-overlay","12":"woocommerce-text-align-center","13":"woocommerce-image-align-center","14":"do-quantity-buttons","16":"first","17":"instock","18":"taxable","19":"shipping-taxable","20":"product-type-simple"},"acf":[],"_links":{"self":[{"href":"https:\/\/www.tibethaus.com\/zh-hans\/wp-json\/wp\/v2\/product\/7644","targetHints":{"allow":["GET"]}}],"collection":[{"href":"https:\/\/www.tibethaus.com\/zh-hans\/wp-json\/wp\/v2\/product"}],"about":[{"href":"https:\/\/www.tibethaus.com\/zh-hans\/wp-json\/wp\/v2\/types\/product"}],"wp:featuredmedia":[{"embeddable":true,"href":"https:\/\/www.tibethaus.com\/zh-hans\/wp-json\/wp\/v2\/media\/7649"}],"wp:attachment":[{"href":"https:\/\/www.tibethaus.com\/zh-hans\/wp-json\/wp\/v2\/media?parent=7644"}],"wp:term":[{"taxonomy":"product_brand","embeddable":true,"href":"https:\/\/www.tibethaus.com\/zh-hans\/wp-json\/wp\/v2\/product_brand?post=7644"},{"taxonomy":"product_cat","embeddable":true,"href":"https:\/\/www.tibethaus.com\/zh-hans\/wp-json\/wp\/v2\/product_cat?post=7644"},{"taxonomy":"product_tag","embeddable":true,"href":"https:\/\/www.tibethaus.com\/zh-hans\/wp-json\/wp\/v2\/product_tag?post=7644"}],"curies":[{"name":"wp","href":"https:\/\/api.w.org\/{rel}","templated":true}]}}