{"id":7416,"date":"2023-09-13T13:31:02","date_gmt":"2023-09-13T11:31:02","guid":{"rendered":"https:\/\/www.tibethaus.com\/?post_type=product&#038;p=7416"},"modified":"2023-11-30T12:02:40","modified_gmt":"2023-11-30T11:02:40","slug":"hoellenvorstellungen-im-buddhismus-mythos-oder-realitaet-und-was-sagen-die-anderen-religionen-dazu","status":"publish","type":"product","link":"https:\/\/www.tibethaus.com\/zh-hans\/produkt\/hoellenvorstellungen-im-buddhismus-mythos-oder-realitaet-und-was-sagen-die-anderen-religionen-dazu\/","title":{"rendered":"H\u00f6llenvorstellungen im Buddhismus &#8211; Mythos oder Realit\u00e4t? Und was sagen die anderen Religionen dazu?"},"content":{"rendered":"<p>Wie verhalten wir uns als moderne, aufgekl\u00e4rte und psychologisch denkende Menschen dazu? Wie gehen wir als Buddhisten damit um?<\/p>\n<p>Durch diese kleine Forschungsarbeit, die keinen Anspruch auf Vollst\u00e4ndigkeit erhebt, ist uns erst richtig deutlich geworden, wie viele spannende Fragen damit verbunden sind. Wie haben sich die H\u00f6llenvorstellungen gewandelt? Wann ist die \u201estrafende Instanz\u201c dazu gekommen und was wurde damit bezweckt? Was existiert nach dem Tod weiter und erf\u00e4hrt die Leiden der H\u00f6llen? Wie real sind diese Daseinsbereiche \u2013 sind es physische Orte oder \u201enur\u201c geistige Erfahrungen? Wie ist der Zusammenhang zwischen Lebensf\u00fchrung und nachtodlicher Erfahrung?<\/p>\n<p>Die vorliegenden Texte erheben nicht den Anspruch, auf all diese Fragen Antworten zu finden, doch sie zeigen die relative Entstehung des H\u00f6llenbegriffs und tragen dadurch zu einer differenzierten Betrachtung bei.<\/p>\n<p>Im Folgenden werden H\u00f6llenvorstellungen fr\u00fcherer und heutiger Religionen kurz vorgestellt, sowie eine psychologische Einsch\u00e4tzung gegeben. Eine wertvolle Erg\u00e4nzung der buddhistischen Perspektive bildet die Einordnung aus der Sicht eines modernen buddhistischen Lama, unseres Lehrers, S. E. Dagyab Kyabg\u00f6n Rinpoche.<\/p>\n<p>Bitte auf den Link klicken und die Datei speichern! <a href=\"https:\/\/www.tibethaus.com\/wp-content\/uploads\/Hoellenvorstellungen_im_Buddhismus_web.pdf\">Ho\u0308llenvorstellungen_im_Buddhismus_web<\/a><\/p>\n","protected":false},"excerpt":{"rendered":"<p>Die Vorstellungen unterschiedlicher (Be-)Reiche, in die man nach dem Tod geraten kann, sind uralt, beinahe so alt wie die Menschheit selbst, die immer wieder neue kreative, oft d\u00fcstere und grausame Geschichten darum gesponnen hat. Paradies oder H\u00f6lle, Reiner Bereich oder unertr\u00e4gliches Leiden \u2013 da insbesondere die mit Leiden verbundenen Vorstellungen sehr belastend wirken k\u00f6nnen und Fragen nach den niederen Daseinsbereichen immer wieder Stoff f\u00fcr Diskussionen im Rahmen der Vermittlung der buddhistischen Lehre sind, haben wir, ein Kreis \u00e4lterer Sch\u00fclerinnen und Sch\u00fcler S. E. Dagyab Kyabg\u00f6n Rinpoches auf seine Initiative hin uns nun mit diesem Thema n\u00e4her auseinandergesetzt. Wir wollten zun\u00e4chst geschichtlich erkunden, wo und wie uns die H\u00f6llen in verschiedenen Kulturen und Religionen begegnen und uns dann der Frage zuwenden, welche Rolle sie im Buddhismus des 21. Jahrhunderts m\u00f6glicherweise noch spielen k\u00f6nnen, sollen und d\u00fcrfen.<\/p>\n<p>Bitte auf den Link klicken und die Datei speichern! <a href=\"https:\/\/www.tibethaus.com\/wp-content\/uploads\/Hoellenvorstellungen_im_Buddhismus_web.pdf\">Ho\u0308llenvorstellungen_im_Buddhismus_web<\/a><\/p>\n","protected":false},"featured_media":7417,"template":"","meta":{"_acf_changed":false,"inline_featured_image":false,"_price":"","_stock":"","_tribe_ticket_header":"","_tribe_default_ticket_provider":"","_ticket_start_date":"","_ticket_end_date":"","_tribe_ticket_show_description":"","_tribe_ticket_show_not_going":false,"_tribe_ticket_use_global_stock":"","_tribe_ticket_global_stock_level":"","_global_stock_mode":"","_global_stock_cap":"","_tribe_rsvp_for_event":"","_tribe_ticket_going_count":"","_tribe_ticket_not_going_count":"","_tribe_tickets_list":"[]","_tribe_ticket_has_attendee_info_fields":false,"_tec_slr_enabled":"","_tec_slr_layout":""},"product_brand":[],"product_cat":[230,229,94],"product_tag":[313,161,282],"class_list":{"0":"post-7416","1":"product","2":"type-product","3":"status-publish","4":"has-post-thumbnail","6":"product_cat-broschueren-transkriptionen","7":"product_cat-kostenlos-shop","8":"product_cat-verlagsshop","9":"product_tag-broschuere","10":"product_tag-dagyab-rinpoche","11":"product_tag-kostenlos","12":"sales-flash-overlay","13":"woocommerce-text-align-center","14":"woocommerce-image-align-center","15":"do-quantity-buttons","17":"first","18":"instock","19":"taxable","20":"shipping-taxable","21":"product-type-simple"},"acf":[],"_links":{"self":[{"href":"https:\/\/www.tibethaus.com\/zh-hans\/wp-json\/wp\/v2\/product\/7416","targetHints":{"allow":["GET"]}}],"collection":[{"href":"https:\/\/www.tibethaus.com\/zh-hans\/wp-json\/wp\/v2\/product"}],"about":[{"href":"https:\/\/www.tibethaus.com\/zh-hans\/wp-json\/wp\/v2\/types\/product"}],"wp:featuredmedia":[{"embeddable":true,"href":"https:\/\/www.tibethaus.com\/zh-hans\/wp-json\/wp\/v2\/media\/7417"}],"wp:attachment":[{"href":"https:\/\/www.tibethaus.com\/zh-hans\/wp-json\/wp\/v2\/media?parent=7416"}],"wp:term":[{"taxonomy":"product_brand","embeddable":true,"href":"https:\/\/www.tibethaus.com\/zh-hans\/wp-json\/wp\/v2\/product_brand?post=7416"},{"taxonomy":"product_cat","embeddable":true,"href":"https:\/\/www.tibethaus.com\/zh-hans\/wp-json\/wp\/v2\/product_cat?post=7416"},{"taxonomy":"product_tag","embeddable":true,"href":"https:\/\/www.tibethaus.com\/zh-hans\/wp-json\/wp\/v2\/product_tag?post=7416"}],"curies":[{"name":"wp","href":"https:\/\/api.w.org\/{rel}","templated":true}]}}