{"id":7343,"date":"2023-09-13T13:32:46","date_gmt":"2023-09-13T11:32:46","guid":{"rendered":"https:\/\/www.tibethaus.com\/?post_type=product&#038;p=7343"},"modified":"2023-12-05T12:35:32","modified_gmt":"2023-12-05T11:35:32","slug":"die-weisse-tara-wunscherfuellendes-rad-cintacakra-praxistext-sadhana-kyabje-trijang-rinpoche","status":"publish","type":"product","link":"https:\/\/www.tibethaus.com\/zh-hans\/produkt\/die-weisse-tara-wunscherfuellendes-rad-cintacakra-praxistext-sadhana-kyabje-trijang-rinpoche\/","title":{"rendered":"Die Wei\u00dfe Tara &#8211; Wunscherf\u00fcllendes Rad (Cintacakra) &#8211; Praxistext (Sadhana) |\u00a0Kyabje Trijang Rinpoche"},"content":{"rendered":"<p>Tantra-Klasse: Kriya-Tantra<\/p>\n<p>Voraussetzung: Erm\u00e4chtigung in die Wei\u00dfe Tara Wunscherf\u00fcllendes Rad<\/p>\n<p class=\"p1\"><b>Hinweis f\u00fcr die Bestellung<\/b><\/p>\n<p class=\"p1\">F\u00fcr das Studieren und Praktizieren dieses Textes ist es notwendig, eine Erm\u00e4chtigung in die entsprechende Praxis &#8211; in Form eines meditativen Rituals &#8211; erhalten zu haben. Bitte geben Sie bei Ihrer Bestellung (im Textfeld: Notizen zur Bestellung \/ zu finden auf der letzten Bestelldetails Seite beim Checkout) den Namen des Lehrers oder der Lehrerin an, sowie den Ort und das Datum der Erm\u00e4chtigung.<\/p>\n<p>&nbsp;<\/p>\n","protected":false},"excerpt":{"rendered":"<p>Tantra-Klasse: Kriya-Tantra<\/p>\n<p>Voraussetzung: Erm\u00e4chtigung in die Wei\u00dfe Tara Wunscherf\u00fcllendes Rad<\/p>\n<p class=\"p1\"><b>Hinweis f\u00fcr die Bestellung<\/b><\/p>\n<p class=\"p1\">F\u00fcr das Studieren und Praktizieren dieses Textes ist es notwendig, eine Erm\u00e4chtigung in die entsprechende Praxis &#8211; in Form eines meditativen Rituals &#8211; erhalten zu haben. Bitte geben Sie bei Ihrer Bestellung (im Textfeld: Notizen zur Bestellung \/ zu finden auf der letzten Bestelldetails Seite beim Checkout) den Namen des Lehrers oder der Lehrerin an, sowie den Ort und das Datum der Erm\u00e4chtigung.<\/p>\n","protected":false},"featured_media":0,"template":"","meta":{"_acf_changed":false,"inline_featured_image":false,"_price":"3.00","_stock":"","_tribe_ticket_header":"","_tribe_default_ticket_provider":"","_ticket_start_date":"","_ticket_end_date":"","_tribe_ticket_show_description":"","_tribe_ticket_show_not_going":false,"_tribe_ticket_use_global_stock":"","_tribe_ticket_global_stock_level":"","_global_stock_mode":"","_global_stock_cap":"","_tribe_rsvp_for_event":"","_tribe_ticket_going_count":"","_tribe_ticket_not_going_count":"","_tribe_tickets_list":"[]","_tribe_ticket_has_attendee_info_fields":false,"_tec_slr_enabled":"","_tec_slr_layout":""},"product_brand":[],"product_cat":[256,94],"product_tag":[272,292,284,296],"class_list":{"0":"post-7343","1":"product","2":"type-product","3":"status-publish","5":"product_cat-tara","6":"product_cat-verlagsshop","7":"product_tag-praxistext","8":"product_tag-sadhana","9":"product_tag-tantra","10":"product_tag-tara","11":"sales-flash-overlay","12":"woocommerce-text-align-center","13":"woocommerce-image-align-center","14":"do-quantity-buttons","16":"first","17":"outofstock","18":"taxable","19":"shipping-taxable","20":"purchasable","21":"product-type-simple"},"acf":[],"_links":{"self":[{"href":"https:\/\/www.tibethaus.com\/zh-hans\/wp-json\/wp\/v2\/product\/7343","targetHints":{"allow":["GET"]}}],"collection":[{"href":"https:\/\/www.tibethaus.com\/zh-hans\/wp-json\/wp\/v2\/product"}],"about":[{"href":"https:\/\/www.tibethaus.com\/zh-hans\/wp-json\/wp\/v2\/types\/product"}],"wp:attachment":[{"href":"https:\/\/www.tibethaus.com\/zh-hans\/wp-json\/wp\/v2\/media?parent=7343"}],"wp:term":[{"taxonomy":"product_brand","embeddable":true,"href":"https:\/\/www.tibethaus.com\/zh-hans\/wp-json\/wp\/v2\/product_brand?post=7343"},{"taxonomy":"product_cat","embeddable":true,"href":"https:\/\/www.tibethaus.com\/zh-hans\/wp-json\/wp\/v2\/product_cat?post=7343"},{"taxonomy":"product_tag","embeddable":true,"href":"https:\/\/www.tibethaus.com\/zh-hans\/wp-json\/wp\/v2\/product_tag?post=7343"}],"curies":[{"name":"wp","href":"https:\/\/api.w.org\/{rel}","templated":true}]}}