{"id":7317,"date":"2023-09-13T13:33:51","date_gmt":"2023-09-13T11:33:51","guid":{"rendered":"https:\/\/www.tibethaus.com\/?post_type=product&#038;p=7317"},"modified":"2023-11-30T12:01:29","modified_gmt":"2023-11-30T11:01:29","slug":"aus-dem-leben-der-alten-kadampa-meister-biographisches-aus-dem-leben-der-alten-kadampa-meister-dagyab-kyabgoen-rinpoche","status":"publish","type":"product","link":"https:\/\/www.tibethaus.com\/zh-hans\/produkt\/aus-dem-leben-der-alten-kadampa-meister-biographisches-aus-dem-leben-der-alten-kadampa-meister-dagyab-kyabgoen-rinpoche\/","title":{"rendered":"Aus dem Leben der alten Kadampa-Meister &#8211; Biographisches aus dem Leben der alten Kadampa-Meister | Dagyab Kyabg\u00f6n Rinpoche"},"content":{"rendered":"<p>Der Band umfasst spannende Begebenheiten und Episoden aus den Biographien alter Kadampa-Meister. Sie wurden von Dagyab Kyabg\u00f6n Rinpoche w\u00e4hrend einer Reihe von Seminaren erz\u00e4hlt.<\/p>\n","protected":false},"excerpt":{"rendered":"<p>Der Band umfasst spannende Begebenheiten und Episoden aus den Biographien alter Kadampa-Meister. Sie wurden von Dagyab Kyabg\u00f6n Rinpoche w\u00e4hrend einer Reihe von Seminaren erz\u00e4hlt.<\/p>\n","protected":false},"featured_media":0,"template":"","meta":{"_acf_changed":false,"inline_featured_image":false,"_price":"10.00","_stock":"","_tribe_ticket_header":"","_tribe_default_ticket_provider":"","_ticket_start_date":"","_ticket_end_date":"","_tribe_ticket_show_description":"","_tribe_ticket_show_not_going":false,"_tribe_ticket_use_global_stock":"","_tribe_ticket_global_stock_level":"","_global_stock_mode":"","_global_stock_cap":"","_tribe_rsvp_for_event":"","_tribe_ticket_going_count":"","_tribe_ticket_not_going_count":"","_tribe_tickets_list":"[]","_tribe_ticket_has_attendee_info_fields":false,"_tec_slr_enabled":"","_tec_slr_layout":""},"product_brand":[],"product_cat":[222,221,94],"product_tag":[302,161],"class_list":{"0":"post-7317","1":"product","2":"type-product","3":"status-publish","5":"product_cat-buecher-buecher-shop","6":"product_cat-buddhismus-allgemein","7":"product_cat-verlagsshop","8":"product_tag-buddhismus-allgemein","9":"product_tag-dagyab-rinpoche","10":"sales-flash-overlay","11":"woocommerce-text-align-center","12":"woocommerce-image-align-center","13":"do-quantity-buttons","15":"first","16":"outofstock","17":"taxable","18":"shipping-taxable","19":"purchasable","20":"product-type-simple"},"acf":[],"_links":{"self":[{"href":"https:\/\/www.tibethaus.com\/zh-hans\/wp-json\/wp\/v2\/product\/7317","targetHints":{"allow":["GET"]}}],"collection":[{"href":"https:\/\/www.tibethaus.com\/zh-hans\/wp-json\/wp\/v2\/product"}],"about":[{"href":"https:\/\/www.tibethaus.com\/zh-hans\/wp-json\/wp\/v2\/types\/product"}],"wp:attachment":[{"href":"https:\/\/www.tibethaus.com\/zh-hans\/wp-json\/wp\/v2\/media?parent=7317"}],"wp:term":[{"taxonomy":"product_brand","embeddable":true,"href":"https:\/\/www.tibethaus.com\/zh-hans\/wp-json\/wp\/v2\/product_brand?post=7317"},{"taxonomy":"product_cat","embeddable":true,"href":"https:\/\/www.tibethaus.com\/zh-hans\/wp-json\/wp\/v2\/product_cat?post=7317"},{"taxonomy":"product_tag","embeddable":true,"href":"https:\/\/www.tibethaus.com\/zh-hans\/wp-json\/wp\/v2\/product_tag?post=7317"}],"curies":[{"name":"wp","href":"https:\/\/api.w.org\/{rel}","templated":true}]}}