{"id":6963,"date":"2023-09-13T13:34:55","date_gmt":"2023-09-13T11:34:55","guid":{"rendered":"https:\/\/www.tibethaus.com\/?post_type=product&#038;p=6963"},"modified":"2025-12-17T16:21:38","modified_gmt":"2025-12-17T15:21:38","slug":"tibetischer-buddhismus-im-westen-eine-einfuehrung-dagyab-kyabgoen-rinpoche","status":"publish","type":"product","link":"https:\/\/www.tibethaus.com\/zh-hans\/produkt\/tibetischer-buddhismus-im-westen-eine-einfuehrung-dagyab-kyabgoen-rinpoche\/","title":{"rendered":"Tibetischer Buddhismus im Westen &#8211; Eine Einf\u00fchrung | Dagyab Kyabg\u00f6n Rinpoche"},"content":{"rendered":"<p>Grundlegende Inhalte des tibetischen Buddhismus sind in diesem Buch in einer f\u00fcr uns Menschen im\u00a0\u201eWesten&#8221; aufbereiteten Weise dargelegt. Es ist eine exemplarische Auswahl von Texten, die Dagyab Rinpoche auf Bitten seiner Sch\u00fcler hin verfasst hat und die bereits als Artikel in Zeitschriften erschienen sind. Es wurden insbesondere Themen ausgew\u00e4hlt, die erfahrungsgem\u00e4\u00df einer erh\u00f6hten Beachtung bed\u00fcrfen, wie etwa ein solides Verst\u00e4ndnis von Karma oder eine gute Beziehung zwischen Lehrer und Sch\u00fcler. Dagyab Rinpoche versteht es, uns dabei in unserem Kontext zu sehen und die typischen Schwierigkeiten, aber auch Vorz\u00fcge zu ber\u00fccksichtigen, die wir in unsere Auseinandersetzung mit dem Dharma hineinbringen. So hilft uns diese Lekt\u00fcre zu einem besseren Verst\u00e4ndnis. Die Essenz und die Tiefe der Lehre bleiben dabei zu jeder Zeit gewahrt.<\/p>\n","protected":false},"excerpt":{"rendered":"<p>Grundlegende Inhalte des tibetischen Buddhismus sind in diesem Buch in einer f\u00fcr uns Menschen im\u00a0\u201eWesten&#8221; aufbereiteten Weise dargelegt. Es ist eine exemplarische Auswahl von Texten, die Dagyab Rinpoche auf Bitten seiner Sch\u00fcler hin verfasst hat und die bereits als Artikel in Zeitschriften erschienen sind. Es wurden insbesondere Themen ausgew\u00e4hlt, die erfahrungsgem\u00e4\u00df einer erh\u00f6hten Beachtung bed\u00fcrfen, wie etwa ein solides Verst\u00e4ndnis von Karma oder eine gute Beziehung zwischen Lehrer und Sch\u00fcler. Dagyab Rinpoche versteht es, uns dabei in unserem Kontext zu sehen und die typischen Schwierigkeiten, aber auch Vorz\u00fcge zu ber\u00fccksichtigen, die wir in unsere Auseinandersetzung mit dem Dharma hineinbringen. So hilft uns diese Lekt\u00fcre zu einem besseren Verst\u00e4ndnis. Die Essenz und die Tiefe der Lehre bleiben dabei zu jeder Zeit gewahrt.<\/p>\n","protected":false},"featured_media":6964,"template":"","meta":{"_acf_changed":false,"inline_featured_image":false,"_price":"14.00","_stock":"36","_tribe_ticket_header":"","_tribe_default_ticket_provider":"","_ticket_start_date":"","_ticket_end_date":"","_tribe_ticket_show_description":"","_tribe_ticket_show_not_going":false,"_tribe_ticket_use_global_stock":"","_tribe_ticket_global_stock_level":"","_global_stock_mode":"","_global_stock_cap":"","_tribe_rsvp_for_event":"","_tribe_ticket_going_count":"","_tribe_ticket_not_going_count":"","_tribe_tickets_list":"[]","_tribe_ticket_has_attendee_info_fields":false,"_tec_slr_enabled":"","_tec_slr_layout":""},"product_brand":[],"product_cat":[220,222,94],"product_tag":[161,279],"class_list":{"0":"post-6963","1":"product","2":"type-product","3":"status-publish","4":"has-post-thumbnail","6":"product_cat-buecher-shop","7":"product_cat-buecher-buecher-shop","8":"product_cat-verlagsshop","9":"product_tag-dagyab-rinpoche","10":"product_tag-tibetischer-buddhismus","11":"sales-flash-overlay","12":"woocommerce-text-align-center","13":"woocommerce-image-align-center","14":"do-quantity-buttons","16":"first","17":"instock","18":"taxable","19":"shipping-taxable","20":"purchasable","21":"product-type-simple"},"acf":[],"_links":{"self":[{"href":"https:\/\/www.tibethaus.com\/zh-hans\/wp-json\/wp\/v2\/product\/6963","targetHints":{"allow":["GET"]}}],"collection":[{"href":"https:\/\/www.tibethaus.com\/zh-hans\/wp-json\/wp\/v2\/product"}],"about":[{"href":"https:\/\/www.tibethaus.com\/zh-hans\/wp-json\/wp\/v2\/types\/product"}],"wp:featuredmedia":[{"embeddable":true,"href":"https:\/\/www.tibethaus.com\/zh-hans\/wp-json\/wp\/v2\/media\/6964"}],"wp:attachment":[{"href":"https:\/\/www.tibethaus.com\/zh-hans\/wp-json\/wp\/v2\/media?parent=6963"}],"wp:term":[{"taxonomy":"product_brand","embeddable":true,"href":"https:\/\/www.tibethaus.com\/zh-hans\/wp-json\/wp\/v2\/product_brand?post=6963"},{"taxonomy":"product_cat","embeddable":true,"href":"https:\/\/www.tibethaus.com\/zh-hans\/wp-json\/wp\/v2\/product_cat?post=6963"},{"taxonomy":"product_tag","embeddable":true,"href":"https:\/\/www.tibethaus.com\/zh-hans\/wp-json\/wp\/v2\/product_tag?post=6963"}],"curies":[{"name":"wp","href":"https:\/\/api.w.org\/{rel}","templated":true}]}}