{"id":6952,"date":"2023-09-13T13:35:55","date_gmt":"2023-09-13T11:35:55","guid":{"rendered":"https:\/\/www.tibethaus.com\/?post_type=product&#038;p=6952"},"modified":"2025-12-29T18:45:40","modified_gmt":"2025-12-29T17:45:40","slug":"langlebensgebete-fuer-seine-heiligkeit-xiv-dalai-lama-dagyab-kyabgoen-rinpoche-und-lodroe-rinpoche","status":"publish","type":"product","link":"https:\/\/www.tibethaus.com\/zh-hans\/produkt\/langlebensgebete-fuer-seine-heiligkeit-xiv-dalai-lama-dagyab-kyabgoen-rinpoche-und-lodroe-rinpoche\/","title":{"rendered":"Langlebensgebete f\u00fcr seine Heiligkeit XIV. Dalai Lama, Dagyab Kyabg\u00f6n Rinpoche und Lodr\u00f6 Rinpoche"},"content":{"rendered":"<p>Enthalten sind kurze und lange Versionen der Langlebensgebete f\u00fcr seine Heiligkeit XIV. Dalai Lama, Dagyab Kyabg\u00f6n Rinpoche und Lodr\u00f6 Rinpoche.<\/p>\n","protected":false},"excerpt":{"rendered":"<p>Enthalten sind kurze und lange Versionen der Langlebensgebete f\u00fcr seine Heiligkeit XIV. Dalai Lama, Dagyab Kyabg\u00f6n Rinpoche und Lodr\u00f6 Rinpoche.<\/p>\n","protected":false},"featured_media":6953,"template":"","meta":{"_acf_changed":false,"inline_featured_image":false,"_price":"7.00","_stock":"77","_tribe_ticket_header":"","_tribe_default_ticket_provider":"","_ticket_start_date":"","_ticket_end_date":"","_tribe_ticket_show_description":"","_tribe_ticket_show_not_going":false,"_tribe_ticket_use_global_stock":"","_tribe_ticket_global_stock_level":"","_global_stock_mode":"","_global_stock_cap":"","_tribe_rsvp_for_event":"","_tribe_ticket_going_count":"","_tribe_ticket_not_going_count":"","_tribe_tickets_list":"[]","_tribe_ticket_has_attendee_info_fields":false,"_tec_slr_enabled":"","_tec_slr_layout":""},"product_brand":[],"product_cat":[220,225,94],"product_tag":[277,160,272],"class_list":{"0":"post-6952","1":"product","2":"type-product","3":"status-publish","4":"has-post-thumbnail","6":"product_cat-buecher-shop","7":"product_cat-praxistexte-und-gebete","8":"product_cat-verlagsshop","9":"product_tag-dagyab-rinpoche-langlebensgebete","10":"product_tag-dalai-lama","11":"product_tag-praxistext","12":"sales-flash-overlay","13":"woocommerce-text-align-center","14":"woocommerce-image-align-center","15":"do-quantity-buttons","17":"first","18":"instock","19":"taxable","20":"shipping-taxable","21":"purchasable","22":"product-type-simple"},"acf":[],"_links":{"self":[{"href":"https:\/\/www.tibethaus.com\/zh-hans\/wp-json\/wp\/v2\/product\/6952","targetHints":{"allow":["GET"]}}],"collection":[{"href":"https:\/\/www.tibethaus.com\/zh-hans\/wp-json\/wp\/v2\/product"}],"about":[{"href":"https:\/\/www.tibethaus.com\/zh-hans\/wp-json\/wp\/v2\/types\/product"}],"wp:featuredmedia":[{"embeddable":true,"href":"https:\/\/www.tibethaus.com\/zh-hans\/wp-json\/wp\/v2\/media\/6953"}],"wp:attachment":[{"href":"https:\/\/www.tibethaus.com\/zh-hans\/wp-json\/wp\/v2\/media?parent=6952"}],"wp:term":[{"taxonomy":"product_brand","embeddable":true,"href":"https:\/\/www.tibethaus.com\/zh-hans\/wp-json\/wp\/v2\/product_brand?post=6952"},{"taxonomy":"product_cat","embeddable":true,"href":"https:\/\/www.tibethaus.com\/zh-hans\/wp-json\/wp\/v2\/product_cat?post=6952"},{"taxonomy":"product_tag","embeddable":true,"href":"https:\/\/www.tibethaus.com\/zh-hans\/wp-json\/wp\/v2\/product_tag?post=6952"}],"curies":[{"name":"wp","href":"https:\/\/api.w.org\/{rel}","templated":true}]}}