{"id":6920,"date":"2023-09-13T13:35:57","date_gmt":"2023-09-13T11:35:57","guid":{"rendered":"https:\/\/www.tibethaus.com\/?post_type=product&#038;p=6920"},"modified":"2025-12-17T17:56:57","modified_gmt":"2025-12-17T16:56:57","slug":"die-struktur-des-lamrim-ein-arbeitsheft-zum-stufenweg-regine-leisner-dr-cornelia-weishaar-guenter","status":"publish","type":"product","link":"https:\/\/www.tibethaus.com\/zh-hans\/produkt\/die-struktur-des-lamrim-ein-arbeitsheft-zum-stufenweg-regine-leisner-dr-cornelia-weishaar-guenter\/","title":{"rendered":"Die Struktur des Lamrim Ein Arbeitsheft zum Stufenweg | Regine Leisner \/ Dr. Cornelia Weishaar-G\u00fcnter"},"content":{"rendered":"<p>Dieses Arbeitsheft enth\u00e4lt neben einem einf\u00fchrenden Text \u00fcber Entwicklungsgeschichte, Zweck und Funktion des Lamrim eine detaillierte Gliederung mit allen Hauptthemen und Unterpunkten, wie sie in der Gelugpa-Tradition gelehrt werden.<\/p>\n","protected":false},"excerpt":{"rendered":"<p>Dieses Arbeitsheft enth\u00e4lt neben einem einf\u00fchrenden Text \u00fcber Entwicklungsgeschichte, Zweck und Funktion des Lamrim eine detaillierte Gliederung mit allen Hauptthemen und Unterpunkten, wie sie in der Gelugpa-Tradition gelehrt werden.<\/p>\n","protected":false},"featured_media":6921,"template":"","meta":{"_acf_changed":false,"inline_featured_image":false,"_price":"10.00","_stock":"40","_tribe_ticket_header":"","_tribe_default_ticket_provider":"","_ticket_start_date":"","_ticket_end_date":"","_tribe_ticket_show_description":"","_tribe_ticket_show_not_going":false,"_tribe_ticket_use_global_stock":"","_tribe_ticket_global_stock_level":"","_global_stock_mode":"","_global_stock_cap":"","_tribe_rsvp_for_event":"","_tribe_ticket_going_count":"","_tribe_ticket_not_going_count":"","_tribe_tickets_list":"[]","_tribe_ticket_has_attendee_info_fields":false,"_tec_slr_enabled":"","_tec_slr_layout":""},"product_brand":[],"product_cat":[220,225,94],"product_tag":[271,162,265,270],"class_list":{"0":"post-6920","1":"product","2":"type-product","3":"status-publish","4":"has-post-thumbnail","6":"product_cat-buecher-shop","7":"product_cat-praxistexte-und-gebete","8":"product_cat-verlagsshop","9":"product_tag-dr-cornelia-weishaar-guenter","10":"product_tag-lamrim","11":"product_tag-regine-leisner","12":"product_tag-stufenweg","13":"sales-flash-overlay","14":"woocommerce-text-align-center","15":"woocommerce-image-align-center","16":"do-quantity-buttons","18":"first","19":"instock","20":"taxable","21":"shipping-taxable","22":"purchasable","23":"product-type-simple"},"acf":[],"_links":{"self":[{"href":"https:\/\/www.tibethaus.com\/zh-hans\/wp-json\/wp\/v2\/product\/6920","targetHints":{"allow":["GET"]}}],"collection":[{"href":"https:\/\/www.tibethaus.com\/zh-hans\/wp-json\/wp\/v2\/product"}],"about":[{"href":"https:\/\/www.tibethaus.com\/zh-hans\/wp-json\/wp\/v2\/types\/product"}],"wp:featuredmedia":[{"embeddable":true,"href":"https:\/\/www.tibethaus.com\/zh-hans\/wp-json\/wp\/v2\/media\/6921"}],"wp:attachment":[{"href":"https:\/\/www.tibethaus.com\/zh-hans\/wp-json\/wp\/v2\/media?parent=6920"}],"wp:term":[{"taxonomy":"product_brand","embeddable":true,"href":"https:\/\/www.tibethaus.com\/zh-hans\/wp-json\/wp\/v2\/product_brand?post=6920"},{"taxonomy":"product_cat","embeddable":true,"href":"https:\/\/www.tibethaus.com\/zh-hans\/wp-json\/wp\/v2\/product_cat?post=6920"},{"taxonomy":"product_tag","embeddable":true,"href":"https:\/\/www.tibethaus.com\/zh-hans\/wp-json\/wp\/v2\/product_tag?post=6920"}],"curies":[{"name":"wp","href":"https:\/\/api.w.org\/{rel}","templated":true}]}}