{"id":6915,"date":"2023-09-13T13:35:57","date_gmt":"2023-09-13T11:35:57","guid":{"rendered":"https:\/\/www.tibethaus.com\/?post_type=product&#038;p=6915"},"modified":"2023-11-30T12:00:18","modified_gmt":"2023-11-30T11:00:18","slug":"die-kyabgoens-von-dagyab-gebete-an-die-reinkarnationslinie-von-dagyab-kyabgoen-rinpoche","status":"publish","type":"product","link":"https:\/\/www.tibethaus.com\/zh-hans\/produkt\/die-kyabgoens-von-dagyab-gebete-an-die-reinkarnationslinie-von-dagyab-kyabgoen-rinpoche\/","title":{"rendered":"Die Kyabg\u00f6ns von Dagyab | Gebete an die Reinkarnationslinie von Dagyab Kyabg\u00f6n Rinpoche"},"content":{"rendered":"<p>Enthalten sind Gebete an die Reinkarnationslinie von Dagyab Kyabg\u00f6n Rinpoche und ein separates Gebet an den gro\u00dfen \u00dcbersetzer Loden Sherab.<\/p>\n","protected":false},"excerpt":{"rendered":"<p>Enthalten sind Gebete an die Reinkarnationslinie von Dagyab Kyabg\u00f6n Rinpoche und ein separates Gebet an den gro\u00dfen \u00dcbersetzer Loden Sherab.<\/p>\n","protected":false},"featured_media":6916,"template":"","meta":{"_acf_changed":false,"inline_featured_image":false,"_price":"10.00","_stock":"","_tribe_ticket_header":"","_tribe_default_ticket_provider":"","_ticket_start_date":"","_ticket_end_date":"","_tribe_ticket_show_description":"","_tribe_ticket_show_not_going":false,"_tribe_ticket_use_global_stock":"","_tribe_ticket_global_stock_level":"","_global_stock_mode":"","_global_stock_cap":"","_tribe_rsvp_for_event":"","_tribe_ticket_going_count":"","_tribe_ticket_not_going_count":"","_tribe_tickets_list":"[]","_tribe_ticket_has_attendee_info_fields":false,"_tec_slr_enabled":"","_tec_slr_layout":""},"product_brand":[],"product_cat":[220,225,94],"product_tag":[161,269],"class_list":{"0":"post-6915","1":"product","2":"type-product","3":"status-publish","4":"has-post-thumbnail","6":"product_cat-buecher-shop","7":"product_cat-praxistexte-und-gebete","8":"product_cat-verlagsshop","9":"product_tag-dagyab-rinpoche","10":"product_tag-praxistexte-und-gebete","11":"sales-flash-overlay","12":"woocommerce-text-align-center","13":"woocommerce-image-align-center","14":"do-quantity-buttons","16":"first","17":"outofstock","18":"taxable","19":"shipping-taxable","20":"purchasable","21":"product-type-simple"},"acf":[],"_links":{"self":[{"href":"https:\/\/www.tibethaus.com\/zh-hans\/wp-json\/wp\/v2\/product\/6915","targetHints":{"allow":["GET"]}}],"collection":[{"href":"https:\/\/www.tibethaus.com\/zh-hans\/wp-json\/wp\/v2\/product"}],"about":[{"href":"https:\/\/www.tibethaus.com\/zh-hans\/wp-json\/wp\/v2\/types\/product"}],"wp:featuredmedia":[{"embeddable":true,"href":"https:\/\/www.tibethaus.com\/zh-hans\/wp-json\/wp\/v2\/media\/6916"}],"wp:attachment":[{"href":"https:\/\/www.tibethaus.com\/zh-hans\/wp-json\/wp\/v2\/media?parent=6915"}],"wp:term":[{"taxonomy":"product_brand","embeddable":true,"href":"https:\/\/www.tibethaus.com\/zh-hans\/wp-json\/wp\/v2\/product_brand?post=6915"},{"taxonomy":"product_cat","embeddable":true,"href":"https:\/\/www.tibethaus.com\/zh-hans\/wp-json\/wp\/v2\/product_cat?post=6915"},{"taxonomy":"product_tag","embeddable":true,"href":"https:\/\/www.tibethaus.com\/zh-hans\/wp-json\/wp\/v2\/product_tag?post=6915"}],"curies":[{"name":"wp","href":"https:\/\/api.w.org\/{rel}","templated":true}]}}