{"id":6910,"date":"2023-09-13T13:35:58","date_gmt":"2023-09-13T11:35:58","guid":{"rendered":"https:\/\/www.tibethaus.com\/?post_type=product&#038;p=6910"},"modified":"2025-12-17T16:21:17","modified_gmt":"2025-12-17T15:21:17","slug":"den-geist-von-gift-befreien-erlaeuterungen-ueber-die-konzeptuell-geistige-haltung-dharmarakshita-maitriyogi-serlingpa","status":"publish","type":"product","link":"https:\/\/www.tibethaus.com\/zh-hans\/produkt\/den-geist-von-gift-befreien-erlaeuterungen-ueber-die-konzeptuell-geistige-haltung-dharmarakshita-maitriyogi-serlingpa\/","title":{"rendered":"Den Geist von Gift Befreien \u2013 Erl\u00e4uterungen \u00fcber die konzeptuell-geistige Haltung |\u00a0Dharmarakshita, Maitriyogi, Serlingpa"},"content":{"rendered":"<p>Nach buddhistischer Auffassung ist die Haltung, sich selbst \u00fcber Alles zu stellen und andere Menschen mehr oder weniger als Nebendarsteller wahrzunehmen, f\u00fcr unsere ganzen Probleme ver-antwortlich. Das buddhistische Geistestraining (tib. Lojong) kann und soll uns dabei helfen, diese Haltung zu \u00fcberwinden. Ein solches Training ist mehr als eine Lebensaufgabe und erfordert viel Mut und Selbstvertrauen. Gleich-zeitig ist jede noch so kleine Bem\u00fchung auf diesem Weg ein Betrag f\u00fcr mehr Mitgef\u00fchl in dieser konfliktbehafteten Welt. Hier werden in zweisprachiger Ausgabe vier wichtige Lojong-Text vorgestellt, die von den indi-schen Lehrern des Meisters Atisha in Tibet \u00fcberliefert sind. S. E. Dagyab Rinpoche ermutigt uns, solche alten, kaum noch bekannten Texte wertzusch\u00e4tzen, da sie uns den hohen Anspruch und die ganze Komplexit\u00e4t des urspr\u00fcnglichen Geistestrainings zeigen.<\/p>\n","protected":false},"excerpt":{"rendered":"<p>Nach buddhistischer Auffassung ist die Haltung, sich selbst \u00fcber Alles zu stellen und andere Menschen mehr oder weniger als Nebendarsteller wahrzunehmen, f\u00fcr unsere ganzen Probleme ver-antwortlich. Das buddhistische Geistestraining (tib. Lojong) kann und soll uns dabei helfen, diese Haltung zu \u00fcberwinden. Ein solches Training ist mehr als eine Lebensaufgabe und erfordert viel Mut und Selbstvertrauen. Gleich-zeitig ist jede noch so kleine Bem\u00fchung auf diesem Weg ein Betrag f\u00fcr mehr Mitgef\u00fchl in dieser konfliktbehafteten Welt. Hier werden in zweisprachiger Ausgabe vier wichtige Lojong-Text vorgestellt, die von den indi-schen Lehrern des Meisters Atisha in Tibet \u00fcberliefert sind. S. E. Dagyab Rinpoche ermutigt uns, solche alten, kaum noch bekannten Texte wertzusch\u00e4tzen, da sie uns den hohen Anspruch und die ganze Komplexit\u00e4t des urspr\u00fcnglichen Geistestrainings zeigen.<\/p>\n","protected":false},"featured_media":6911,"template":"","meta":{"_acf_changed":false,"inline_featured_image":false,"_price":"14.00","_stock":"41","_tribe_ticket_header":"","_tribe_default_ticket_provider":"","_ticket_start_date":"","_ticket_end_date":"","_tribe_ticket_show_description":"","_tribe_ticket_show_not_going":false,"_tribe_ticket_use_global_stock":"","_tribe_ticket_global_stock_level":"","_global_stock_mode":"","_global_stock_cap":"","_tribe_rsvp_for_event":"","_tribe_ticket_going_count":"","_tribe_ticket_not_going_count":"","_tribe_tickets_list":"[]","_tribe_ticket_has_attendee_info_fields":false,"_tec_slr_enabled":"","_tec_slr_layout":""},"product_brand":[],"product_cat":[220,222,94],"product_tag":[267,266,268],"class_list":{"0":"post-6910","1":"product","2":"type-product","3":"status-publish","4":"has-post-thumbnail","6":"product_cat-buecher-shop","7":"product_cat-buecher-buecher-shop","8":"product_cat-verlagsshop","9":"product_tag-buecher","10":"product_tag-buddhismus","11":"product_tag-lojong","12":"sales-flash-overlay","13":"woocommerce-text-align-center","14":"woocommerce-image-align-center","15":"do-quantity-buttons","17":"first","18":"instock","19":"taxable","20":"shipping-taxable","21":"purchasable","22":"product-type-simple"},"acf":[],"_links":{"self":[{"href":"https:\/\/www.tibethaus.com\/zh-hans\/wp-json\/wp\/v2\/product\/6910","targetHints":{"allow":["GET"]}}],"collection":[{"href":"https:\/\/www.tibethaus.com\/zh-hans\/wp-json\/wp\/v2\/product"}],"about":[{"href":"https:\/\/www.tibethaus.com\/zh-hans\/wp-json\/wp\/v2\/types\/product"}],"wp:featuredmedia":[{"embeddable":true,"href":"https:\/\/www.tibethaus.com\/zh-hans\/wp-json\/wp\/v2\/media\/6911"}],"wp:attachment":[{"href":"https:\/\/www.tibethaus.com\/zh-hans\/wp-json\/wp\/v2\/media?parent=6910"}],"wp:term":[{"taxonomy":"product_brand","embeddable":true,"href":"https:\/\/www.tibethaus.com\/zh-hans\/wp-json\/wp\/v2\/product_brand?post=6910"},{"taxonomy":"product_cat","embeddable":true,"href":"https:\/\/www.tibethaus.com\/zh-hans\/wp-json\/wp\/v2\/product_cat?post=6910"},{"taxonomy":"product_tag","embeddable":true,"href":"https:\/\/www.tibethaus.com\/zh-hans\/wp-json\/wp\/v2\/product_tag?post=6910"}],"curies":[{"name":"wp","href":"https:\/\/api.w.org\/{rel}","templated":true}]}}