{"id":6898,"date":"2023-09-13T13:35:58","date_gmt":"2023-09-13T11:35:58","guid":{"rendered":"https:\/\/www.tibethaus.com\/?post_type=product&#038;p=6898"},"modified":"2025-12-17T16:20:55","modified_gmt":"2025-12-17T15:20:55","slug":"daemonen-des-geistes-ueber-hindernisse-in-der-spirituellen-praxis-paltruel-rinpoche","status":"publish","type":"product","link":"https:\/\/www.tibethaus.com\/zh-hans\/produkt\/daemonen-des-geistes-ueber-hindernisse-in-der-spirituellen-praxis-paltruel-rinpoche\/","title":{"rendered":"D\u00e4monen des Geistes &#8211; \u00dcber Hindernisse in der spirituellen Praxis |\u00a0Paltr\u00fcl Rinpoche"},"content":{"rendered":"<p>Die\u00a0\u201eD\u00e4monen des Geistes&#8221; sind Anhaftung, Hass, Stolz, Eifersucht oder Verblendung. In der Regel also Hindernisse, die aus dem eigenen Geist stammen. Jeder Praktizierende begegnet diesen\u00a0\u201eD\u00e4monen&#8221; fast t\u00e4glich.<\/p>\n<p>Der ber\u00fchmte Wanderprediger P\u00e4ltr\u00fcl Rinpoche gibt uns Hinweise, wie wir innere und \u00e4u\u00dfere D\u00e4monen in ihren verschiedenartigsten Verkleidungen rechtzeitig erkennen k\u00f6nnen. Er gibt uns Ratschl\u00e4ge, wie gegen sie anzugehen ist, um sie unsch\u00e4dlich zu machen und sich dauerhaft gegen sie zu sch\u00fctzen.<\/p>\n","protected":false},"excerpt":{"rendered":"<p>Die\u00a0\u201eD\u00e4monen des Geistes&#8221; sind Anhaftung, Hass, Stolz, Eifersucht oder Verblendung. In der Regel also Hindernisse, die aus dem eigenen Geist stammen. Jeder Praktizierende begegnet diesen\u00a0\u201eD\u00e4monen&#8221; fast t\u00e4glich.<\/p>\n<p>Der ber\u00fchmte Wanderprediger P\u00e4ltr\u00fcl Rinpoche gibt uns Hinweise, wie wir innere und \u00e4u\u00dfere D\u00e4monen in ihren verschiedenartigsten Verkleidungen rechtzeitig erkennen k\u00f6nnen. Er gibt uns Ratschl\u00e4ge, wie gegen sie anzugehen ist, um sie unsch\u00e4dlich zu machen und sich dauerhaft gegen sie zu sch\u00fctzen.<\/p>\n","protected":false},"featured_media":6899,"template":"","meta":{"_acf_changed":false,"inline_featured_image":false,"_price":"12.00","_stock":"50","_tribe_ticket_header":"","_tribe_default_ticket_provider":"","_ticket_start_date":"","_ticket_end_date":"","_tribe_ticket_show_description":"","_tribe_ticket_show_not_going":false,"_tribe_ticket_use_global_stock":"","_tribe_ticket_global_stock_level":"","_global_stock_mode":"","_global_stock_cap":"","_tribe_rsvp_for_event":"","_tribe_ticket_going_count":"","_tribe_ticket_not_going_count":"","_tribe_tickets_list":"[]","_tribe_ticket_has_attendee_info_fields":false,"_tec_slr_enabled":"","_tec_slr_layout":""},"product_brand":[],"product_cat":[94],"product_tag":[264,263],"class_list":{"0":"post-6898","1":"product","2":"type-product","3":"status-publish","4":"has-post-thumbnail","6":"product_cat-verlagsshop","7":"product_tag-doemonen-des-geistes","8":"product_tag-paltruel-rinpoche","9":"sales-flash-overlay","10":"woocommerce-text-align-center","11":"woocommerce-image-align-center","12":"do-quantity-buttons","14":"first","15":"instock","16":"taxable","17":"shipping-taxable","18":"purchasable","19":"product-type-simple"},"acf":[],"_links":{"self":[{"href":"https:\/\/www.tibethaus.com\/zh-hans\/wp-json\/wp\/v2\/product\/6898","targetHints":{"allow":["GET"]}}],"collection":[{"href":"https:\/\/www.tibethaus.com\/zh-hans\/wp-json\/wp\/v2\/product"}],"about":[{"href":"https:\/\/www.tibethaus.com\/zh-hans\/wp-json\/wp\/v2\/types\/product"}],"wp:featuredmedia":[{"embeddable":true,"href":"https:\/\/www.tibethaus.com\/zh-hans\/wp-json\/wp\/v2\/media\/6899"}],"wp:attachment":[{"href":"https:\/\/www.tibethaus.com\/zh-hans\/wp-json\/wp\/v2\/media?parent=6898"}],"wp:term":[{"taxonomy":"product_brand","embeddable":true,"href":"https:\/\/www.tibethaus.com\/zh-hans\/wp-json\/wp\/v2\/product_brand?post=6898"},{"taxonomy":"product_cat","embeddable":true,"href":"https:\/\/www.tibethaus.com\/zh-hans\/wp-json\/wp\/v2\/product_cat?post=6898"},{"taxonomy":"product_tag","embeddable":true,"href":"https:\/\/www.tibethaus.com\/zh-hans\/wp-json\/wp\/v2\/product_tag?post=6898"}],"curies":[{"name":"wp","href":"https:\/\/api.w.org\/{rel}","templated":true}]}}