{"id":6889,"date":"2023-08-30T12:59:59","date_gmt":"2023-08-30T10:59:59","guid":{"rendered":"https:\/\/www.tibethaus.com\/?post_type=product&#038;p=6889"},"modified":"2025-12-17T16:20:46","modified_gmt":"2025-12-17T15:20:46","slug":"aus-dem-herzen-gesprochen-juwelen-der-alten-kadam-meister-dagyab-kyabgoen-rinpoche","status":"publish","type":"product","link":"https:\/\/www.tibethaus.com\/zh-hans\/produkt\/aus-dem-herzen-gesprochen-juwelen-der-alten-kadam-meister-dagyab-kyabgoen-rinpoche\/","title":{"rendered":"Aus dem Herzen gesprochen &#8211; Juwelen der alten Kadam-Meister | Dagyab Kyabg\u00f6n Rinpoche"},"content":{"rendered":"<p>\u201eEs ging mir an die Substanz und in die Tiefe hinein. Damals ist mein Interesse am Dharma richtig erwacht.\u201c So l\u00e4sst uns S. E. Dagyab Kyabg\u00f6n Rinpoche in seinen Unterweisungen zu einem kurzen Text Atishas an seiner eigenen Erfahrung teilhaben. Die hier erz\u00e4hlten Lebensweisheiten und Biographien der alten Kadam-Meister gehen auch uns unter die Haut, wenn wir uns daf\u00fcr \u00f6ffnen und nach Inspiration f\u00fcr das eigene Leben suchen. Wie zum Beispiel die Aussage von Geshe Langri Thangpa: \u201eIch m\u00f6chte bitte mein ganzes Leben lang nur \u00fcber Liebe meditieren.\u201c Sehr lebendig und nah lernen wir den indischen Meister Atisha und die ihm nachfolgende Kadam-Schule aus Tibet kennen.<\/p>\n","protected":false},"excerpt":{"rendered":"<p>\u201eEs ging mir an die Substanz und in die Tiefe hinein. Damals ist mein Interesse am Dharma richtig erwacht.\u201c So l\u00e4sst uns S. E. Dagyab Kyabg\u00f6n Rinpoche in seinen Unterweisungen zu einem kurzen Text Atishas an seiner eigenen Erfahrung teilhaben. Die hier erz\u00e4hlten Lebensweisheiten und Biographien der alten Kadam-Meister gehen auch uns unter die Haut, wenn wir uns daf\u00fcr \u00f6ffnen und nach Inspiration f\u00fcr das eigene Leben suchen.<\/p>\n","protected":false},"featured_media":6890,"template":"","meta":{"_acf_changed":false,"inline_featured_image":false,"_price":"14.00","_stock":"34","_tribe_ticket_header":"","_tribe_default_ticket_provider":"","_ticket_start_date":"","_ticket_end_date":"","_tribe_ticket_show_description":"","_tribe_ticket_show_not_going":false,"_tribe_ticket_use_global_stock":"","_tribe_ticket_global_stock_level":"","_global_stock_mode":"","_global_stock_cap":"","_tribe_rsvp_for_event":"","_tribe_ticket_going_count":"","_tribe_ticket_not_going_count":"","_tribe_tickets_list":"[]","_tribe_ticket_has_attendee_info_fields":false,"_tec_slr_enabled":"","_tec_slr_layout":""},"product_brand":[],"product_cat":[222,94],"product_tag":[261,262,161],"class_list":{"0":"post-6889","1":"product","2":"type-product","3":"status-publish","4":"has-post-thumbnail","6":"product_cat-buecher-buecher-shop","7":"product_cat-verlagsshop","8":"product_tag-aus-dem-herzen-gesprochen","9":"product_tag-buddhismus-alllgemein","10":"product_tag-dagyab-rinpoche","11":"sales-flash-overlay","12":"woocommerce-text-align-center","13":"woocommerce-image-align-center","14":"do-quantity-buttons","16":"first","17":"instock","18":"taxable","19":"shipping-taxable","20":"purchasable","21":"product-type-simple"},"acf":[],"_links":{"self":[{"href":"https:\/\/www.tibethaus.com\/zh-hans\/wp-json\/wp\/v2\/product\/6889","targetHints":{"allow":["GET"]}}],"collection":[{"href":"https:\/\/www.tibethaus.com\/zh-hans\/wp-json\/wp\/v2\/product"}],"about":[{"href":"https:\/\/www.tibethaus.com\/zh-hans\/wp-json\/wp\/v2\/types\/product"}],"wp:featuredmedia":[{"embeddable":true,"href":"https:\/\/www.tibethaus.com\/zh-hans\/wp-json\/wp\/v2\/media\/6890"}],"wp:attachment":[{"href":"https:\/\/www.tibethaus.com\/zh-hans\/wp-json\/wp\/v2\/media?parent=6889"}],"wp:term":[{"taxonomy":"product_brand","embeddable":true,"href":"https:\/\/www.tibethaus.com\/zh-hans\/wp-json\/wp\/v2\/product_brand?post=6889"},{"taxonomy":"product_cat","embeddable":true,"href":"https:\/\/www.tibethaus.com\/zh-hans\/wp-json\/wp\/v2\/product_cat?post=6889"},{"taxonomy":"product_tag","embeddable":true,"href":"https:\/\/www.tibethaus.com\/zh-hans\/wp-json\/wp\/v2\/product_tag?post=6889"}],"curies":[{"name":"wp","href":"https:\/\/api.w.org\/{rel}","templated":true}]}}