{"id":6814,"date":"2023-08-28T13:34:26","date_gmt":"2023-08-28T11:34:26","guid":{"rendered":"https:\/\/www.tibethaus.com\/?post_type=product&#038;p=6814"},"modified":"2025-11-25T15:42:12","modified_gmt":"2025-11-25T14:42:12","slug":"wegweiser-fuer-die-welt-von-heute-die-essenz-meiner-lehre-gebundene-ausgabe","status":"publish","type":"product","link":"https:\/\/www.tibethaus.com\/zh-hans\/produkt\/wegweiser-fuer-die-welt-von-heute-die-essenz-meiner-lehre-gebundene-ausgabe\/","title":{"rendered":"Wegweiser f\u00fcr die Welt von heute &#8211; Die Essenz meiner Lehre (Gebundene Ausgabe) -Dalai Lama"},"content":{"rendered":"<p>Alle Welt kennt ihn: Doch was denkt und f\u00fchlt der Dalai Lama wirklich? In diesem Buch gibt er zusammen mit seinem langj\u00e4hrigen Vertrauten Dagyab Kyabg\u00f6n Rinpoche Einblick in sein Denken, sein F\u00fchlen und Handeln. Dieses umfassende Buch des XIV. Dalai Lama, das tief in das Herz des Buddhismus als universelle Lebenskunst f\u00fchrt, sucht seinesgleichen und wurde in zehnj\u00e4hriger Arbeit aus unz\u00e4hligen Unterweisungen, Gespr\u00e4chen und Diskussionen zusammengestellt. Es ist sein gro\u00dfes Verm\u00e4chtnis an die Welt.<\/p>\n<h3>Autor Dalai Lama<\/h3>\n<p>Tenzin Gyatso, 14. Dalai Lama, geb. 1935, im Nordosten Tibets.\u00a0Der buddhistische M\u00f6nch erhielt im Alter von vier Jahren in der tibetanischen Hauptstadt Lhasa offiziell den Titel des 14. Dalai Lama. Er floh nach der Besetzung Tibets durch China 1959 nach Indien und residiert im Exil in Dharamsala.<\/p>\n<p>Auf seinen regelm\u00e4\u00dfigen Reisen in westliche L\u00e4nder gilt der Dalai Lama\u00a0als Botschafter des Friedens und als anerkannter Gespr\u00e4chspartner f\u00fcr Fragen rund um das Leben und Spiritualit\u00e4t.<\/p>\n<p>Der Dalai Lama ist nicht nur der bedeutendste Repr\u00e4sentant des Buddhismus, sondern weltweit unumstritten einer der gro\u00dfen Repr\u00e4sentanten der Weisheit.<\/p>\n<p style=\"font-weight: 400;\"><strong>Dagyab Kyabg\u00f6n Rinpoche (Herausgeber)<\/strong><\/p>\n<p style=\"font-weight: 400;\">wurde 1940 in Minyak, Osttibet, geboren und im Alter von vier Jahren als Neunter Kyabg\u00f6n (Schutzherr) der Dagyab Region anerkannt. Er ist der Gr\u00fcnder des Tibethauses Deutschland. Nach seiner fast 40-j\u00e4hrigen Lehrt\u00e4tigkeit als Tibetologe an der Universit\u00e4t Bonn lebt er zusammen mit seiner Frau in der N\u00e4he seiner beiden Kinder und f\u00fcnf Enkelkinder in Berlin. Als exzellenter Kenner des deutschsprachigen Kulturraums ermutigt er in seinen Vortr\u00e4gen und Unterweisungen immer wieder dazu, den eigenen Geist zu ver\u00e4ndern und damit die eigene F\u00e4higkeit zu st\u00e4rken, ein guter Mensch zu sein.<\/p>\n<p style=\"font-weight: 400;\">\n","protected":false},"excerpt":{"rendered":"<p>Alle Welt kennt ihn: Doch was denkt und f\u00fchlt der Dalai Lama wirklich? In diesem Buch gibt er zusammen mit seinem langj\u00e4hrigen Vertrauten Dagyab Kyabg\u00f6n Rinpoche Einblick in sein Denken, sein F\u00fchlen und Handeln. Dieses umfassende Buch des XIV. Dalai Lama, das tief in das Herz des Buddhismus als universelle Lebenskunst f\u00fchrt, sucht seinesgleichen und wurde in zehnj\u00e4hriger Arbeit aus unz\u00e4hligen Unterweisungen, Gespr\u00e4chen und Diskussionen zusammengestellt. Es ist sein gro\u00dfes Verm\u00e4chtnis an die Welt.<\/p>\n","protected":false},"featured_media":8269,"template":"","meta":{"_acf_changed":false,"inline_featured_image":false,"_price":"36.00","_stock":"14","_tribe_ticket_header":"","_tribe_default_ticket_provider":"","_ticket_start_date":"","_ticket_end_date":"","_tribe_ticket_show_description":"","_tribe_ticket_show_not_going":false,"_tribe_ticket_use_global_stock":"","_tribe_ticket_global_stock_level":"","_global_stock_mode":"","_global_stock_cap":"","_tribe_rsvp_for_event":"","_tribe_ticket_going_count":"","_tribe_ticket_not_going_count":"","_tribe_tickets_list":"[]","_tribe_ticket_has_attendee_info_fields":false,"_tec_slr_enabled":"","_tec_slr_layout":""},"product_brand":[],"product_cat":[159,94],"product_tag":[161,160,162],"class_list":{"0":"post-6814","1":"product","2":"type-product","3":"status-publish","4":"has-post-thumbnail","6":"product_cat-neuheiten","7":"product_cat-verlagsshop","8":"product_tag-dagyab-rinpoche","9":"product_tag-dalai-lama","10":"product_tag-lamrim","11":"product_shipping_class-versandklasse-1","12":"sales-flash-overlay","13":"woocommerce-text-align-center","14":"woocommerce-image-align-center","15":"do-quantity-buttons","17":"first","18":"instock","19":"taxable","20":"shipping-taxable","21":"purchasable","22":"product-type-simple"},"acf":[],"_links":{"self":[{"href":"https:\/\/www.tibethaus.com\/zh-hans\/wp-json\/wp\/v2\/product\/6814","targetHints":{"allow":["GET"]}}],"collection":[{"href":"https:\/\/www.tibethaus.com\/zh-hans\/wp-json\/wp\/v2\/product"}],"about":[{"href":"https:\/\/www.tibethaus.com\/zh-hans\/wp-json\/wp\/v2\/types\/product"}],"wp:featuredmedia":[{"embeddable":true,"href":"https:\/\/www.tibethaus.com\/zh-hans\/wp-json\/wp\/v2\/media\/8269"}],"wp:attachment":[{"href":"https:\/\/www.tibethaus.com\/zh-hans\/wp-json\/wp\/v2\/media?parent=6814"}],"wp:term":[{"taxonomy":"product_brand","embeddable":true,"href":"https:\/\/www.tibethaus.com\/zh-hans\/wp-json\/wp\/v2\/product_brand?post=6814"},{"taxonomy":"product_cat","embeddable":true,"href":"https:\/\/www.tibethaus.com\/zh-hans\/wp-json\/wp\/v2\/product_cat?post=6814"},{"taxonomy":"product_tag","embeddable":true,"href":"https:\/\/www.tibethaus.com\/zh-hans\/wp-json\/wp\/v2\/product_tag?post=6814"}],"curies":[{"name":"wp","href":"https:\/\/api.w.org\/{rel}","templated":true}]}}