{"id":12609,"date":"2024-06-05T16:23:45","date_gmt":"2024-06-05T14:23:45","guid":{"rendered":"https:\/\/www.tibethaus.com\/?post_type=product&#038;p=12609"},"modified":"2025-12-15T22:31:00","modified_gmt":"2025-12-15T21:31:00","slug":"statue-medizinbuddha-teilvergoldet-hoehe-145-cm","status":"publish","type":"product","link":"https:\/\/www.tibethaus.com\/zh-hans\/produkt\/statue-medizinbuddha-teilvergoldet-hoehe-145-cm\/","title":{"rendered":"Statue Medizinbuddha, teilvergoldet, H\u00f6he 14,5 cm"},"content":{"rendered":"<p><span class=\"TextRun SCXW185282135 BCX4\" lang=\"DE-DE\" xml:lang=\"DE-DE\" data-contrast=\"auto\"><span class=\"NormalTextRun SCXW185282135 BCX4\">Statue <\/span><span class=\"NormalTextRun SpellingErrorV2Themed SCXW185282135 BCX4\">Medizinbuddha<\/span><span class=\"NormalTextRun SCXW185282135 BCX4\">, teilvergoldet, H\u00f6he 14,5 cm<\/span><\/span><\/p>\n<p>Unsere hochwertigen Buddhastatuen werden von Kunsthandwerkern in Nepal einzeln nach jahrhunderte alten Traditionen gefertigt und vom Tibethaus Shop direkt importiert. Die mit einer speziellen Kupferlegierung gegossenen Statuen werden nach dem Guss zuerst fein nachbearbeitet, poliert, z.T. und mit Gravuren versehen. Dann erfolgt eine Feuervergoldung und zum Abschluss werden die Gesichter mit echter Goldfarbe detailliert bemalt. Durch die vielen handwerklichen Prozesse, bekommt jede Statue einen individuellen Charakter.<\/p>\n<p>Wir bieten im Onlineshop zun\u00e4chst eine Auswahl von Statuen an. Sie bekommen genau die hier abgebildete Statue. Vor Ort im Tibethaus Shop ist noch eine gr\u00f6\u00dfere Auswahl in verschiedenen Gr\u00f6\u00dfen erh\u00e4ltlich. Darunter viele Einzelst\u00fccke. Gerne k\u00f6nnen Sie bei bestimmten W\u00fcnschen unter <a href=\"mailto:Shop@tibethaus.com\">Shop@tibethaus.com<\/a> nachfragen, ob wir die Statue in unserem Sortiment vorr\u00e4tig haben oder in Nepal besorgen k\u00f6nnen.<\/p>\n<p>Sie k\u00f6nnen die Statuen direkt mit Paypal bezahlen oder auf Rechnung mit Vorauskasse bestellen. Der Statuenversand erfolgt dann normalerweise einmal w\u00f6chentlich am Mittwoch.<\/p>\n","protected":false},"excerpt":{"rendered":"<p><span class=\"TextRun SCXW185282135 BCX4\" lang=\"DE-DE\" xml:lang=\"DE-DE\" data-contrast=\"auto\"><span class=\"NormalTextRun SCXW185282135 BCX4\">Statue <\/span><span class=\"NormalTextRun SpellingErrorV2Themed SCXW185282135 BCX4\">Medizinbuddha<\/span><span class=\"NormalTextRun SCXW185282135 BCX4\">, teilvergoldet, H\u00f6he 14,5 cm<\/span><\/span><\/p>\n<p>Unsere hochwertigen Buddhastatuen werden von Kunsthandwerkern in Nepal einzeln nach jahrhunderte alten Traditionen gefertigt und vom Tibethaus Shop direkt importiert. Die mit einer speziellen Kupferlegierung gegossenen Statuen werden nach dem Guss zuerst fein nachbearbeitet, poliert, z.T. und mit Gravuren versehen. Dann erfolgt eine Feuervergoldung und zum Abschluss werden die Gesichter mit echter Goldfarbe detailliert bemalt. Durch die vielen handwerklichen Prozesse, bekommt jede Statue einen individuellen Charakter.<\/p>\n","protected":false},"featured_media":12781,"template":"","meta":{"_acf_changed":false,"inline_featured_image":false,"_price":"249.00","_stock":"0","_tribe_ticket_header":"","_tribe_default_ticket_provider":"","_ticket_start_date":"","_ticket_end_date":"","_tribe_ticket_show_description":"","_tribe_ticket_show_not_going":false,"_tribe_ticket_use_global_stock":"","_tribe_ticket_global_stock_level":"","_global_stock_mode":"","_global_stock_cap":"","_tribe_rsvp_for_event":"","_tribe_ticket_going_count":"","_tribe_ticket_not_going_count":"","_tribe_tickets_list":"[]","_tribe_ticket_has_attendee_info_fields":false,"_tec_slr_enabled":"","_tec_slr_layout":""},"product_brand":[],"product_cat":[422,423],"product_tag":[294,425],"class_list":{"0":"post-12609","1":"product","2":"type-product","3":"status-publish","4":"has-post-thumbnail","6":"product_cat-shopshop","7":"product_cat-statuen","8":"product_tag-medizinbuddha","9":"product_tag-statue","10":"product_shipping_class-versandklasse-statue-de","11":"sales-flash-overlay","12":"woocommerce-text-align-center","13":"woocommerce-image-align-center","14":"do-quantity-buttons","15":"wc-has-gallery","17":"first","18":"outofstock","19":"taxable","20":"shipping-taxable","21":"purchasable","22":"product-type-simple"},"acf":[],"_links":{"self":[{"href":"https:\/\/www.tibethaus.com\/zh-hans\/wp-json\/wp\/v2\/product\/12609","targetHints":{"allow":["GET"]}}],"collection":[{"href":"https:\/\/www.tibethaus.com\/zh-hans\/wp-json\/wp\/v2\/product"}],"about":[{"href":"https:\/\/www.tibethaus.com\/zh-hans\/wp-json\/wp\/v2\/types\/product"}],"wp:featuredmedia":[{"embeddable":true,"href":"https:\/\/www.tibethaus.com\/zh-hans\/wp-json\/wp\/v2\/media\/12781"}],"wp:attachment":[{"href":"https:\/\/www.tibethaus.com\/zh-hans\/wp-json\/wp\/v2\/media?parent=12609"}],"wp:term":[{"taxonomy":"product_brand","embeddable":true,"href":"https:\/\/www.tibethaus.com\/zh-hans\/wp-json\/wp\/v2\/product_brand?post=12609"},{"taxonomy":"product_cat","embeddable":true,"href":"https:\/\/www.tibethaus.com\/zh-hans\/wp-json\/wp\/v2\/product_cat?post=12609"},{"taxonomy":"product_tag","embeddable":true,"href":"https:\/\/www.tibethaus.com\/zh-hans\/wp-json\/wp\/v2\/product_tag?post=12609"}],"curies":[{"name":"wp","href":"https:\/\/api.w.org\/{rel}","templated":true}]}}