{"id":7405,"date":"2023-09-13T13:31:03","date_gmt":"2023-09-13T11:31:03","guid":{"rendered":"https:\/\/www.tibethaus.com\/?post_type=product&#038;p=7405"},"modified":"2023-11-30T12:02:39","modified_gmt":"2023-11-30T11:02:39","slug":"die-weisse-tara-verwirklichung-des-lebens-durch-das-herzensrad-der-weissen-tara","status":"publish","type":"product","link":"https:\/\/www.tibethaus.com\/tb\/produkt\/die-weisse-tara-verwirklichung-des-lebens-durch-das-herzensrad-der-weissen-tara\/","title":{"rendered":"Die Wei\u00dfe Tara &#8211; Verwirklichung des Lebens durch das Herzensrad der Wei\u00dfen Tara"},"content":{"rendered":"<p>Praxistext der Langlebenspraxis der Wei\u00dfen Tara.<\/p>\n<p>Bitte auf den Link klicken und die ge\u00f6ffnete Datei speichern.<\/p>\n<p><a href=\"https:\/\/www.tibethaus.com\/wp-content\/uploads\/Langelebenspraxis_Weisse_Tara_2020.pdf\">Langelebenspraxis_Wei\u00dfe_Tara_2020<\/a><\/p>\n","protected":false},"excerpt":{"rendered":"<p>Praxistext der Langlebenspraxis der Wei\u00dfen Tara.<\/p>\n<p>Bitte auf den Link klicken und die ge\u00f6ffnete Datei speichern.<\/p>\n<p><a href=\"https:\/\/www.tibethaus.com\/wp-content\/uploads\/Langelebenspraxis_Weisse_Tara_2020.pdf\">Langelebenspraxis_Wei\u00dfe_Tara_2020<\/a><\/p>\n","protected":false},"featured_media":7406,"template":"","meta":{"_acf_changed":false,"inline_featured_image":false,"_price":"","_stock":"","_tribe_ticket_header":"","_tribe_default_ticket_provider":"","_ticket_start_date":"","_ticket_end_date":"","_tribe_ticket_show_description":"","_tribe_ticket_show_not_going":false,"_tribe_ticket_use_global_stock":"","_tribe_ticket_global_stock_level":"","_global_stock_mode":"","_global_stock_cap":"","_tribe_rsvp_for_event":"","_tribe_ticket_going_count":"","_tribe_ticket_not_going_count":"","_tribe_tickets_list":"[]","_tribe_ticket_has_attendee_info_fields":false,"_tec_slr_enabled":"","_tec_slr_layout":""},"product_brand":[],"product_cat":[230,229,94],"product_tag":[282,272,296],"class_list":{"0":"post-7405","1":"product","2":"type-product","3":"status-publish","4":"has-post-thumbnail","6":"product_cat-broschueren-transkriptionen","7":"product_cat-kostenlos-shop","8":"product_cat-verlagsshop","9":"product_tag-kostenlos","10":"product_tag-praxistext","11":"product_tag-tara","12":"sales-flash-overlay","13":"woocommerce-text-align-center","14":"woocommerce-image-align-center","15":"do-quantity-buttons","17":"first","18":"instock","19":"taxable","20":"shipping-taxable","21":"product-type-simple"},"acf":[],"_links":{"self":[{"href":"https:\/\/www.tibethaus.com\/tb\/wp-json\/wp\/v2\/product\/7405","targetHints":{"allow":["GET"]}}],"collection":[{"href":"https:\/\/www.tibethaus.com\/tb\/wp-json\/wp\/v2\/product"}],"about":[{"href":"https:\/\/www.tibethaus.com\/tb\/wp-json\/wp\/v2\/types\/product"}],"wp:featuredmedia":[{"embeddable":true,"href":"https:\/\/www.tibethaus.com\/tb\/wp-json\/wp\/v2\/media\/7406"}],"wp:attachment":[{"href":"https:\/\/www.tibethaus.com\/tb\/wp-json\/wp\/v2\/media?parent=7405"}],"wp:term":[{"taxonomy":"product_brand","embeddable":true,"href":"https:\/\/www.tibethaus.com\/tb\/wp-json\/wp\/v2\/product_brand?post=7405"},{"taxonomy":"product_cat","embeddable":true,"href":"https:\/\/www.tibethaus.com\/tb\/wp-json\/wp\/v2\/product_cat?post=7405"},{"taxonomy":"product_tag","embeddable":true,"href":"https:\/\/www.tibethaus.com\/tb\/wp-json\/wp\/v2\/product_tag?post=7405"}],"curies":[{"name":"wp","href":"https:\/\/api.w.org\/{rel}","templated":true}]}}