{"id":7329,"date":"2023-09-13T13:32:50","date_gmt":"2023-09-13T11:32:50","guid":{"rendered":"https:\/\/www.tibethaus.com\/?post_type=product&#038;p=7329"},"modified":"2023-11-30T12:01:30","modified_gmt":"2023-11-30T11:01:30","slug":"lamrim-meditation-eine-anleitung-zur-meditation-alfred-woll-bearb","status":"publish","type":"product","link":"https:\/\/www.tibethaus.com\/tb\/produkt\/lamrim-meditation-eine-anleitung-zur-meditation-alfred-woll-bearb\/","title":{"rendered":"Lamrim-Meditation &#8211; Eine Anleitung zur Meditation | Alfred Woll (Bearb.)"},"content":{"rendered":"<p>Dieses Rezitationsheft ist eine Zusammenstellung der wichtigsten Visualisierungen und Rezitationen zur Vorbereitung und Durchf\u00fchrung der Lamrim Meditation. Es bildet eine Meditationsgrundlage, die alle wesentlichen Punkte enth\u00e4lt, welche f\u00fcr eine ausgedehntere t\u00e4gliche Praxis, sowie f\u00fcr kleinere Retreats von Bedeutung sind. Basierend auf den Unterweisungen von Dagyab Kyabg\u00f6n Rinpoche, wird der Sinn und die Bedeutung jedes einzelnen Verses erl\u00e4utert.<\/p>\n","protected":false},"excerpt":{"rendered":"<p>Dieses Rezitationsheft ist eine Zusammenstellung der wichtigsten Visualisierungen und Rezitationen zur Vorbereitung und Durchf\u00fchrung der Lamrim Meditation. Es bildet eine Meditationsgrundlage, die alle wesentlichen Punkte enth\u00e4lt, welche f\u00fcr eine ausgedehntere t\u00e4gliche Praxis, sowie f\u00fcr kleinere Retreats von Bedeutung sind. Basierend auf den Unterweisungen von Dagyab Kyabg\u00f6n Rinpoche, wird der Sinn und die Bedeutung jedes einzelnen Verses erl\u00e4utert.<\/p>\n","protected":false},"featured_media":7330,"template":"","meta":{"_acf_changed":false,"inline_featured_image":false,"_price":"6.00","_stock":"","_tribe_ticket_header":"","_tribe_default_ticket_provider":"","_ticket_start_date":"","_ticket_end_date":"","_tribe_ticket_show_description":"","_tribe_ticket_show_not_going":false,"_tribe_ticket_use_global_stock":"","_tribe_ticket_global_stock_level":"","_global_stock_mode":"","_global_stock_cap":"","_tribe_rsvp_for_event":"","_tribe_ticket_going_count":"","_tribe_ticket_not_going_count":"","_tribe_tickets_list":"[]","_tribe_ticket_has_attendee_info_fields":false,"_tec_slr_enabled":"","_tec_slr_layout":""},"product_brand":[],"product_cat":[225,94],"product_tag":[162,303],"class_list":{"0":"post-7329","1":"product","2":"type-product","3":"status-publish","4":"has-post-thumbnail","6":"product_cat-praxistexte-und-gebete","7":"product_cat-verlagsshop","8":"product_tag-lamrim","9":"product_tag-rezitationsheft","10":"sales-flash-overlay","11":"woocommerce-text-align-center","12":"woocommerce-image-align-center","13":"do-quantity-buttons","15":"first","16":"outofstock","17":"taxable","18":"shipping-taxable","19":"purchasable","20":"product-type-simple"},"acf":[],"_links":{"self":[{"href":"https:\/\/www.tibethaus.com\/tb\/wp-json\/wp\/v2\/product\/7329","targetHints":{"allow":["GET"]}}],"collection":[{"href":"https:\/\/www.tibethaus.com\/tb\/wp-json\/wp\/v2\/product"}],"about":[{"href":"https:\/\/www.tibethaus.com\/tb\/wp-json\/wp\/v2\/types\/product"}],"wp:featuredmedia":[{"embeddable":true,"href":"https:\/\/www.tibethaus.com\/tb\/wp-json\/wp\/v2\/media\/7330"}],"wp:attachment":[{"href":"https:\/\/www.tibethaus.com\/tb\/wp-json\/wp\/v2\/media?parent=7329"}],"wp:term":[{"taxonomy":"product_brand","embeddable":true,"href":"https:\/\/www.tibethaus.com\/tb\/wp-json\/wp\/v2\/product_brand?post=7329"},{"taxonomy":"product_cat","embeddable":true,"href":"https:\/\/www.tibethaus.com\/tb\/wp-json\/wp\/v2\/product_cat?post=7329"},{"taxonomy":"product_tag","embeddable":true,"href":"https:\/\/www.tibethaus.com\/tb\/wp-json\/wp\/v2\/product_tag?post=7329"}],"curies":[{"name":"wp","href":"https:\/\/api.w.org\/{rel}","templated":true}]}}