{"id":7318,"date":"2023-09-13T13:32:51","date_gmt":"2023-09-13T11:32:51","guid":{"rendered":"https:\/\/www.tibethaus.com\/?post_type=product&#038;p=7318"},"modified":"2023-11-30T12:01:29","modified_gmt":"2023-11-30T11:01:29","slug":"buddhistische-orientierungshilfen-eine-einfuehrung-dagyab-kyabgoen-rinpoche","status":"publish","type":"product","link":"https:\/\/www.tibethaus.com\/tb\/produkt\/buddhistische-orientierungshilfen-eine-einfuehrung-dagyab-kyabgoen-rinpoche\/","title":{"rendered":"Buddhistische Orientierungshilfen &#8211; Eine Einf\u00fchrung | Dagyab Kyabg\u00f6n Rinpoche"},"content":{"rendered":"<p>Es gibt heute eine solche Flut von Literatur unterschiedlicher Qualit\u00e4t \u00fcber den Buddhismus, dass es\u00a0 f\u00fcr den Einzelnen oft schwierig wird, sich noch zurechtzufinden und so etwas wie den roten Faden des Buddhismus aufzusp\u00fcren.<\/p>\n<p>Aus diesem Grund hat Dagyab Kyabg\u00f6n Rinpoche eine leicht verst\u00e4ndliche Einf\u00fchrung in den Buddhismus verfasst, in der er die wesentlichen Merkmale der Lehre aufzeigt und auf die im Westen immer wieder auftretenden Missverst\u00e4ndnisse hinweist. Unter anderem stellt er die verschiedenen Schulrichtungen vor, spricht \u00fcber die Beziehung von Lehrer und Sch\u00fcler und die Herausbildung eines Buddhismus westlicher Pr\u00e4gung.<\/p>\n","protected":false},"excerpt":{"rendered":"<p>Es gibt heute eine solche Flut von Literatur unterschiedlicher Qualit\u00e4t \u00fcber den Buddhismus, dass es\u00a0 f\u00fcr den Einzelnen oft schwierig wird, sich noch zurechtzufinden und so etwas wie den roten Faden des Buddhismus aufzusp\u00fcren.<\/p>\n<p>Aus diesem Grund hat Dagyab Kyabg\u00f6n Rinpoche eine leicht verst\u00e4ndliche Einf\u00fchrung in den Buddhismus verfasst, in der er die wesentlichen Merkmale der Lehre aufzeigt und auf die im Westen immer wieder auftretenden Missverst\u00e4ndnisse hinweist. Unter anderem stellt er die verschiedenen Schulrichtungen vor, spricht \u00fcber die Beziehung von Lehrer und Sch\u00fcler und die Herausbildung eines Buddhismus westlicher Pr\u00e4gung.<\/p>\n","protected":false},"featured_media":7319,"template":"","meta":{"_acf_changed":false,"inline_featured_image":false,"_price":"9.90","_stock":"","_tribe_ticket_header":"","_tribe_default_ticket_provider":"","_ticket_start_date":"","_ticket_end_date":"","_tribe_ticket_show_description":"","_tribe_ticket_show_not_going":false,"_tribe_ticket_use_global_stock":"","_tribe_ticket_global_stock_level":"","_global_stock_mode":"","_global_stock_cap":"","_tribe_rsvp_for_event":"","_tribe_ticket_going_count":"","_tribe_ticket_not_going_count":"","_tribe_tickets_list":"[]","_tribe_ticket_has_attendee_info_fields":false,"_tec_slr_enabled":"","_tec_slr_layout":""},"product_brand":[],"product_cat":[220,94],"product_tag":[266,161],"class_list":{"0":"post-7318","1":"product","2":"type-product","3":"status-publish","4":"has-post-thumbnail","6":"product_cat-buecher-shop","7":"product_cat-verlagsshop","8":"product_tag-buddhismus","9":"product_tag-dagyab-rinpoche","10":"sales-flash-overlay","11":"woocommerce-text-align-center","12":"woocommerce-image-align-center","13":"do-quantity-buttons","15":"first","16":"outofstock","17":"taxable","18":"shipping-taxable","19":"purchasable","20":"product-type-simple"},"acf":[],"_links":{"self":[{"href":"https:\/\/www.tibethaus.com\/tb\/wp-json\/wp\/v2\/product\/7318","targetHints":{"allow":["GET"]}}],"collection":[{"href":"https:\/\/www.tibethaus.com\/tb\/wp-json\/wp\/v2\/product"}],"about":[{"href":"https:\/\/www.tibethaus.com\/tb\/wp-json\/wp\/v2\/types\/product"}],"wp:featuredmedia":[{"embeddable":true,"href":"https:\/\/www.tibethaus.com\/tb\/wp-json\/wp\/v2\/media\/7319"}],"wp:attachment":[{"href":"https:\/\/www.tibethaus.com\/tb\/wp-json\/wp\/v2\/media?parent=7318"}],"wp:term":[{"taxonomy":"product_brand","embeddable":true,"href":"https:\/\/www.tibethaus.com\/tb\/wp-json\/wp\/v2\/product_brand?post=7318"},{"taxonomy":"product_cat","embeddable":true,"href":"https:\/\/www.tibethaus.com\/tb\/wp-json\/wp\/v2\/product_cat?post=7318"},{"taxonomy":"product_tag","embeddable":true,"href":"https:\/\/www.tibethaus.com\/tb\/wp-json\/wp\/v2\/product_tag?post=7318"}],"curies":[{"name":"wp","href":"https:\/\/api.w.org\/{rel}","templated":true}]}}