{"id":7226,"date":"2023-09-13T13:34:00","date_gmt":"2023-09-13T11:34:00","guid":{"rendered":"https:\/\/www.tibethaus.com\/?post_type=product&#038;p=7226"},"modified":"2025-11-25T09:51:26","modified_gmt":"2025-11-25T08:51:26","slug":"eine-perlenkette-grosszuegig-angeordneter-wunscherfuellernder-juwelen-kommentar-zu-vorstellungs-und-vollendungsstufe-phabongkha-rinpoche-dechen-nyingpo","status":"publish","type":"product","link":"https:\/\/www.tibethaus.com\/tb\/produkt\/eine-perlenkette-grosszuegig-angeordneter-wunscherfuellernder-juwelen-kommentar-zu-vorstellungs-und-vollendungsstufe-phabongkha-rinpoche-dechen-nyingpo\/","title":{"rendered":"Eine Perlenkette gro\u00dfz\u00fcgig angeordneter wunscherf\u00fcllernder Juwelen &#8211; Kommentar zu Vorstellungs- und Vollendungsstufe | Phabongkha Rinpoche Dechen Nyingpo"},"content":{"rendered":"<p>Erkl\u00e4rungen zur Vorstellungs- und Vollendungsstufen der Cittamani Tara.<\/p>\n<p>Tantra-Klasse: Anuttarayoga-Tantra<\/p>\n<p>Voraussetzung: Erm\u00e4chtigung in Cittamani Tara<\/p>\n<p class=\"p1\"><b>Hinweis f\u00fcr die Bestellung<\/b><\/p>\n<p class=\"p1\">F\u00fcr das Studieren und Praktizieren dieses Textes ist es notwendig, eine Erm\u00e4chtigung in die entsprechende Praxis &#8211; in Form eines meditativen Rituals &#8211; erhalten zu haben. Bitte geben Sie bei Ihrer Bestellung (im Textfeld: Notizen zur Bestellung \/ zu finden auf der letzten Bestelldetails Seite beim Checkout) den Namen des Lehrers oder der Lehrerin an, sowie den Ort und das Datum der Erm\u00e4chtigung.<\/p>\n","protected":false},"excerpt":{"rendered":"<p>Erkl\u00e4rungen zur Vorstellungs- und Vollendungsstufen der Cittamani Tara.<\/p>\n<p>Tantra-Klasse: Anuttarayoga-Tantra<\/p>\n<p>Voraussetzung: Erm\u00e4chtigung in Cittamani Tara<\/p>\n<p class=\"p1\"><b>Hinweis f\u00fcr die Bestellung<\/b><\/p>\n<p class=\"p1\">F\u00fcr das Studieren und Praktizieren dieses Textes ist es notwendig, eine Erm\u00e4chtigung in die entsprechende Praxis &#8211; in Form eines meditativen Rituals &#8211; erhalten zu haben. Bitte geben Sie bei Ihrer Bestellung (im Textfeld: Notizen zur Bestellung \/ zu finden auf der letzten Bestelldetails Seite beim Checkout) den Namen des Lehrers oder der Lehrerin an, sowie den Ort und das Datum der Erm\u00e4chtigung.<\/p>\n","protected":false},"featured_media":7227,"template":"","meta":{"_acf_changed":false,"inline_featured_image":false,"_price":"22.00","_stock":"24","_tribe_ticket_header":"","_tribe_default_ticket_provider":"","_ticket_start_date":"","_ticket_end_date":"","_tribe_ticket_show_description":"","_tribe_ticket_show_not_going":false,"_tribe_ticket_use_global_stock":"","_tribe_ticket_global_stock_level":"","_global_stock_mode":"","_global_stock_cap":"","_tribe_rsvp_for_event":"","_tribe_ticket_going_count":"","_tribe_ticket_not_going_count":"","_tribe_tickets_list":"[]","_tribe_ticket_has_attendee_info_fields":false,"_tec_slr_enabled":"","_tec_slr_layout":""},"product_brand":[],"product_cat":[245,94],"product_tag":[297,272,284,296],"class_list":{"0":"post-7226","1":"product","2":"type-product","3":"status-publish","4":"has-post-thumbnail","6":"product_cat-cittamani-tara","7":"product_cat-verlagsshop","8":"product_tag-kommentar","9":"product_tag-praxistext","10":"product_tag-tantra","11":"product_tag-tara","12":"sales-flash-overlay","13":"woocommerce-text-align-center","14":"woocommerce-image-align-center","15":"do-quantity-buttons","17":"first","18":"instock","19":"taxable","20":"shipping-taxable","21":"purchasable","22":"product-type-simple"},"acf":[],"_links":{"self":[{"href":"https:\/\/www.tibethaus.com\/tb\/wp-json\/wp\/v2\/product\/7226","targetHints":{"allow":["GET"]}}],"collection":[{"href":"https:\/\/www.tibethaus.com\/tb\/wp-json\/wp\/v2\/product"}],"about":[{"href":"https:\/\/www.tibethaus.com\/tb\/wp-json\/wp\/v2\/types\/product"}],"wp:featuredmedia":[{"embeddable":true,"href":"https:\/\/www.tibethaus.com\/tb\/wp-json\/wp\/v2\/media\/7227"}],"wp:attachment":[{"href":"https:\/\/www.tibethaus.com\/tb\/wp-json\/wp\/v2\/media?parent=7226"}],"wp:term":[{"taxonomy":"product_brand","embeddable":true,"href":"https:\/\/www.tibethaus.com\/tb\/wp-json\/wp\/v2\/product_brand?post=7226"},{"taxonomy":"product_cat","embeddable":true,"href":"https:\/\/www.tibethaus.com\/tb\/wp-json\/wp\/v2\/product_cat?post=7226"},{"taxonomy":"product_tag","embeddable":true,"href":"https:\/\/www.tibethaus.com\/tb\/wp-json\/wp\/v2\/product_tag?post=7226"}],"curies":[{"name":"wp","href":"https:\/\/api.w.org\/{rel}","templated":true}]}}