{"id":6957,"date":"2023-09-13T13:34:52","date_gmt":"2023-09-13T11:34:52","guid":{"rendered":"https:\/\/www.tibethaus.com\/?post_type=product&#038;p=6957"},"modified":"2026-04-15T12:25:04","modified_gmt":"2026-04-15T10:25:04","slug":"mahamudra-lieder-der-verwirklichung-und-erklaerungen-zur-natur-des-geistes-losang-choekyi-gyaeltsen-khaedrup-sanggyae-yeshe-u-a","status":"publish","type":"product","link":"https:\/\/www.tibethaus.com\/tb\/produkt\/mahamudra-lieder-der-verwirklichung-und-erklaerungen-zur-natur-des-geistes-losang-choekyi-gyaeltsen-khaedrup-sanggyae-yeshe-u-a\/","title":{"rendered":"Mahamudra Lieder der Verwirklichung und Erkl\u00e4rungen zur Natur des Geistes |\u00a0Losang Ch\u00f6kyi Gy\u00e4ltsen, Kh\u00e4drup Sanggy\u00e4 Yeshe u.a."},"content":{"rendered":"<p>Texte von Losang Ch\u00f6kyi Gy\u00e4ltsen, Changkya R\u00f6lp\u00e4i Dorje,\u00a0I. Dagyab Kyabg\u00f6n und\u00a0Kh\u00e4drup Sanggy\u00e4 Yeshe<\/p>\n<p>Mit Kommentaren von \u00a0S. E. Dagyab Kyabg\u00f6n Rinpoche<\/p>\n<p>\u00dcbersetzt von Dr. Cornelia Weishaar-G\u00fcnter\u00a0in Zusammenarbeit mit S. E. Dagyab Kyabg\u00f6n Rinpoche<\/p>\n<p>Jegliches Erleben ist nur in unserem Geist m\u00f6glich \u2013 durch seine klare und erkennende Natur und innewohnende urspr\u00fcngliche Weisheit. Dieser reine Zustand begleitet uns von jeher, aber aufgrund unserer geistigen Schleier wird er nicht wahrgenommen. In der Mahamudra-Praxis k\u00f6nnen wir ihn entdecken. Dabei erf\u00e4hrt der Geist den Geist.<\/p>\n<p>\u201eJenseits des (konzeptuellen) Verstandes gibt es nichts zu denken. Wer diese Bedeutung erreichen m\u00f6chte, soll seinen eigenen Geist untersuchen und das Gewahrsein nackt belassen.\u201c (Tilopa)<\/p>\n<p>Das vorliegende Buch enth\u00e4lt im ersten Teil 13 Lieder der Verwirklichung des I. Panchen Lama Ch\u00f6kyi Gy\u00e4ltsen sowie zwei Lieder von Changkya R\u00f6lp\u00e4i Dorje und dem I. Dagyab Kyabg\u00f6n.<\/p>\n<p>Der zweite Teil enth\u00e4lt Ausschnitte einer Textsammlung von Kh\u00e4drup Sanggy\u00e4 Yeshe mit Liedern, Briefen sowie Fragen und Antworten zu verschiedenen Themen des Mahamudra: Kernpunkte der Sichtweise, subtile Analyse, subtiler Geist, Klarheit und Gl\u00fcckseligkeit u.v.m. Dieser Teil ist sehr komplex und wir haben ihm eine gesonderte Einf\u00fchrung vorangestellt, die aus Fragen der \u00dcbersetzerin Cornelia Weishaar-G\u00fcnter und Antworten von Dagyab Kyabg\u00f6n Rinpoche besteht.<\/p>\n<p>Mit tibetischem Text im Buch.<\/p>\n","protected":false},"excerpt":{"rendered":"<p>Texte von Losang Ch\u00f6kyi Gy\u00e4ltsen, Changkya R\u00f6lp\u00e4i Dorje,\u00a0I. Dagyab Kyabg\u00f6n und\u00a0Kh\u00e4drup Sanggy\u00e4 Yeshe<\/p>\n<p>Mit Kommentaren von \u00a0S. E. Dagyab Kyabg\u00f6n Rinpoche<\/p>\n<p>\u00dcbersetzt von Dr. Cornelia Weishaar-G\u00fcnter\u00a0in Zusammenarbeit mit S. E. Dagyab Kyabg\u00f6n Rinpoche<\/p>\n<p>Jegliches Erleben ist nur in unserem Geist m\u00f6glich \u2013 durch seine klare und erkennende Natur und innewohnende urspr\u00fcngliche Weisheit. Dieser reine Zustand begleitet uns von jeher, aber aufgrund unserer geistigen Schleier wird er nicht wahrgenommen. In der Mahamudra-Praxis k\u00f6nnen wir ihn entdecken. Dabei erf\u00e4hrt der Geist den Geist.<\/p>\n<p>\u201eJenseits des (konzeptuellen) Verstandes gibt es nichts zu denken. Wer diese Bedeutung erreichen m\u00f6chte, soll seinen eigenen Geist untersuchen und das Gewahrsein nackt belassen.\u201c (Tilopa)<\/p>\n","protected":false},"featured_media":6958,"template":"","meta":{"_acf_changed":false,"inline_featured_image":false,"_price":"28.00","_stock":"41","_tribe_ticket_header":"","_tribe_default_ticket_provider":"","_ticket_start_date":"","_ticket_end_date":"","_tribe_ticket_show_description":"","_tribe_ticket_show_not_going":false,"_tribe_ticket_use_global_stock":"","_tribe_ticket_global_stock_level":"","_global_stock_mode":"","_global_stock_cap":"","_tribe_rsvp_for_event":"","_tribe_ticket_going_count":"","_tribe_ticket_not_going_count":"","_tribe_tickets_list":"[]","_tribe_ticket_has_attendee_info_fields":false,"_tec_slr_enabled":"","_tec_slr_layout":""},"product_brand":[],"product_cat":[220,159,94],"product_tag":[161,271,278],"class_list":{"0":"post-6957","1":"product","2":"type-product","3":"status-publish","4":"has-post-thumbnail","6":"product_cat-buecher-shop","7":"product_cat-neuheiten","8":"product_cat-verlagsshop","9":"product_tag-dagyab-rinpoche","10":"product_tag-dr-cornelia-weishaar-guenter","11":"product_tag-mahamudra","12":"sales-flash-overlay","13":"woocommerce-text-align-center","14":"woocommerce-image-align-center","15":"do-quantity-buttons","17":"first","18":"instock","19":"taxable","20":"shipping-taxable","21":"purchasable","22":"product-type-simple"},"acf":[],"_links":{"self":[{"href":"https:\/\/www.tibethaus.com\/tb\/wp-json\/wp\/v2\/product\/6957","targetHints":{"allow":["GET"]}}],"collection":[{"href":"https:\/\/www.tibethaus.com\/tb\/wp-json\/wp\/v2\/product"}],"about":[{"href":"https:\/\/www.tibethaus.com\/tb\/wp-json\/wp\/v2\/types\/product"}],"wp:featuredmedia":[{"embeddable":true,"href":"https:\/\/www.tibethaus.com\/tb\/wp-json\/wp\/v2\/media\/6958"}],"wp:attachment":[{"href":"https:\/\/www.tibethaus.com\/tb\/wp-json\/wp\/v2\/media?parent=6957"}],"wp:term":[{"taxonomy":"product_brand","embeddable":true,"href":"https:\/\/www.tibethaus.com\/tb\/wp-json\/wp\/v2\/product_brand?post=6957"},{"taxonomy":"product_cat","embeddable":true,"href":"https:\/\/www.tibethaus.com\/tb\/wp-json\/wp\/v2\/product_cat?post=6957"},{"taxonomy":"product_tag","embeddable":true,"href":"https:\/\/www.tibethaus.com\/tb\/wp-json\/wp\/v2\/product_tag?post=6957"}],"curies":[{"name":"wp","href":"https:\/\/api.w.org\/{rel}","templated":true}]}}