{"id":6945,"date":"2023-09-13T13:35:55","date_gmt":"2023-09-13T11:35:55","guid":{"rendered":"https:\/\/www.tibethaus.com\/?post_type=product&#038;p=6945"},"modified":"2023-11-30T12:00:20","modified_gmt":"2023-11-30T11:00:20","slug":"lamrim-delam-der-buddhistische-stufenweg-e-book-version-losang-choekyi-gyaeltsen","status":"publish","type":"product","link":"https:\/\/www.tibethaus.com\/tb\/produkt\/lamrim-delam-der-buddhistische-stufenweg-e-book-version-losang-choekyi-gyaeltsen\/","title":{"rendered":"Lamrim Delam Der buddhistische Stufenweg (E-Book Version) |\u00a0Losang Ch\u00f6kyi Gy\u00e4ltsen"},"content":{"rendered":"<p>Losang Ch\u00f6kyi Gy\u00e4ltsen, der 1. P\u00e4nchen Rinpoche, erkl\u00e4rt in diesem Buch, wie man \u00fcber den Lamrim meditieren sollte. Angefangen mit dem rechten Annehmen des Lehrers, der kostbaren Menschenexistenz, Verg\u00e4nglichkeit und Zuflucht, bis hin zum Entwickeln von Bodhicitta und der Meditation \u00fcber die Ich-losigkeit, gibt er zu jedem einzelnen Thema detaillierte Meditationsanweisungen. Er beginnt mit der jeweils passenden Visualisation und erkl\u00e4rt in seinen eigenen Worten, wie man \u00fcber das Thema meditiert und mit welchen Vors\u00e4tzen, beziehungsweise Gebeten, man die Meditation abschlie\u00dft.<\/p>\n","protected":false},"excerpt":{"rendered":"<p>Losang Ch\u00f6kyi Gy\u00e4ltsen, der 1. P\u00e4nchen Rinpoche, erkl\u00e4rt in diesem Buch, wie man \u00fcber den Lamrim meditieren sollte. Angefangen mit dem rechten Annehmen des Lehrers, der kostbaren Menschenexistenz, Verg\u00e4nglichkeit und Zuflucht, bis hin zum Entwickeln von Bodhicitta und der Meditation \u00fcber die Ich-losigkeit, gibt er zu jedem einzelnen Thema detaillierte Meditationsanweisungen. Er beginnt mit der jeweils passenden Visualisation und erkl\u00e4rt in seinen eigenen Worten, wie man \u00fcber das Thema meditiert und mit welchen Vors\u00e4tzen, beziehungsweise Gebeten, man die Meditation abschlie\u00dft.<\/p>\n","protected":false},"featured_media":6948,"template":"","meta":{"_acf_changed":false,"inline_featured_image":false,"_price":"7.00","_stock":"","_tribe_ticket_header":"","_tribe_default_ticket_provider":"","_ticket_start_date":"","_ticket_end_date":"","_tribe_ticket_show_description":"","_tribe_ticket_show_not_going":false,"_tribe_ticket_use_global_stock":"","_tribe_ticket_global_stock_level":"","_global_stock_mode":"","_global_stock_cap":"","_tribe_rsvp_for_event":"","_tribe_ticket_going_count":"","_tribe_ticket_not_going_count":"","_tribe_tickets_list":"[]","_tribe_ticket_has_attendee_info_fields":false,"_tec_slr_enabled":"","_tec_slr_layout":""},"product_brand":[],"product_cat":[220,223,94],"product_tag":[276,162],"class_list":{"0":"post-6945","1":"product","2":"type-product","3":"status-publish","4":"has-post-thumbnail","6":"product_cat-buecher-shop","7":"product_cat-e-books","8":"product_cat-verlagsshop","9":"product_tag-e-book","10":"product_tag-lamrim","11":"sales-flash-overlay","12":"woocommerce-text-align-center","13":"woocommerce-image-align-center","14":"do-quantity-buttons","16":"first","17":"outofstock","18":"taxable","19":"shipping-taxable","20":"purchasable","21":"product-type-simple"},"acf":[],"_links":{"self":[{"href":"https:\/\/www.tibethaus.com\/tb\/wp-json\/wp\/v2\/product\/6945","targetHints":{"allow":["GET"]}}],"collection":[{"href":"https:\/\/www.tibethaus.com\/tb\/wp-json\/wp\/v2\/product"}],"about":[{"href":"https:\/\/www.tibethaus.com\/tb\/wp-json\/wp\/v2\/types\/product"}],"wp:featuredmedia":[{"embeddable":true,"href":"https:\/\/www.tibethaus.com\/tb\/wp-json\/wp\/v2\/media\/6948"}],"wp:attachment":[{"href":"https:\/\/www.tibethaus.com\/tb\/wp-json\/wp\/v2\/media?parent=6945"}],"wp:term":[{"taxonomy":"product_brand","embeddable":true,"href":"https:\/\/www.tibethaus.com\/tb\/wp-json\/wp\/v2\/product_brand?post=6945"},{"taxonomy":"product_cat","embeddable":true,"href":"https:\/\/www.tibethaus.com\/tb\/wp-json\/wp\/v2\/product_cat?post=6945"},{"taxonomy":"product_tag","embeddable":true,"href":"https:\/\/www.tibethaus.com\/tb\/wp-json\/wp\/v2\/product_tag?post=6945"}],"curies":[{"name":"wp","href":"https:\/\/api.w.org\/{rel}","templated":true}]}}