{"id":6904,"date":"2023-09-13T13:34:52","date_gmt":"2023-09-13T11:34:52","guid":{"rendered":"https:\/\/www.tibethaus.com\/?post_type=product&#038;p=6904"},"modified":"2026-04-15T12:25:04","modified_gmt":"2026-04-15T10:25:04","slug":"das-denken-umwandeln-ein-kommentar-zur-geistesschulung-regine-leisner","status":"publish","type":"product","link":"https:\/\/www.tibethaus.com\/tb\/produkt\/das-denken-umwandeln-ein-kommentar-zur-geistesschulung-regine-leisner\/","title":{"rendered":"Das Denken umwandeln Ein Kommentar zur Geistesschulung |\u00a0Regine Leisner"},"content":{"rendered":"<p>Jeder Bodhisattva stand einmal da, wo wir jetzt stehen und es muss ihm vern\u00fcnftig und sinnvoll erschienen sein, sein Denken so zu ver\u00e4ndern, dass seine gro\u00dfartige innere Entwicklung \u00fcberhaupt m\u00f6glich wurde. Seine Qualit\u00e4ten sind<br \/>\nnicht vom Himmel gefallen und sie sind auch kein Geschenk des Buddha. Wir werden uns also fragen m\u00fcssen: Was f\u00fchrt uns dahin, so zu denken und zu empfinden? Wie k\u00f6nnen wir eine solche Geisteshaltung klar und folgerichtig aufbauen?<\/p>\n<p>Dieses Buch behandelt den ber\u00fchmten Text zur &#8220;Geistesschulung in acht Punkten&#8221; des tibetischen Meisters Geshe Langri Thangpa.<\/p>\n","protected":false},"excerpt":{"rendered":"<p>Jeder Bodhisattva stand einmal da, wo wir jetzt stehen und es muss ihm vern\u00fcnftig und sinnvoll erschienen sein, sein Denken so zu ver\u00e4ndern, dass seine gro\u00dfartige innere Entwicklung \u00fcberhaupt m\u00f6glich wurde. Seine Qualit\u00e4ten sind<br \/>\nnicht vom Himmel gefallen und sie sind auch kein Geschenk des Buddha. Wir werden uns also fragen m\u00fcssen: Was f\u00fchrt uns dahin, so zu denken und zu empfinden? Wie k\u00f6nnen wir eine solche Geisteshaltung klar und folgerichtig aufbauen?<\/p>\n<p>Dieses Buch behandelt den ber\u00fchmten Text zur &#8220;Geistesschulung in acht Punkten&#8221; des tibetischen Meisters Geshe Langri Thangpa.<\/p>\n","protected":false},"featured_media":6905,"template":"","meta":{"_acf_changed":false,"inline_featured_image":false,"_price":"12.00","_stock":"47","_tribe_ticket_header":"","_tribe_default_ticket_provider":"","_ticket_start_date":"","_ticket_end_date":"","_tribe_ticket_show_description":"","_tribe_ticket_show_not_going":false,"_tribe_ticket_use_global_stock":"","_tribe_ticket_global_stock_level":"","_global_stock_mode":"","_global_stock_cap":"","_tribe_rsvp_for_event":"","_tribe_ticket_going_count":"","_tribe_ticket_not_going_count":"","_tribe_tickets_list":"[]","_tribe_ticket_has_attendee_info_fields":false,"_tec_slr_enabled":"","_tec_slr_layout":""},"product_brand":[],"product_cat":[220,222,94],"product_tag":[266,265],"class_list":{"0":"post-6904","1":"product","2":"type-product","3":"status-publish","4":"has-post-thumbnail","6":"product_cat-buecher-shop","7":"product_cat-buecher-buecher-shop","8":"product_cat-verlagsshop","9":"product_tag-buddhismus","10":"product_tag-regine-leisner","11":"sales-flash-overlay","12":"woocommerce-text-align-center","13":"woocommerce-image-align-center","14":"do-quantity-buttons","16":"first","17":"instock","18":"taxable","19":"shipping-taxable","20":"purchasable","21":"product-type-simple"},"acf":[],"_links":{"self":[{"href":"https:\/\/www.tibethaus.com\/tb\/wp-json\/wp\/v2\/product\/6904","targetHints":{"allow":["GET"]}}],"collection":[{"href":"https:\/\/www.tibethaus.com\/tb\/wp-json\/wp\/v2\/product"}],"about":[{"href":"https:\/\/www.tibethaus.com\/tb\/wp-json\/wp\/v2\/types\/product"}],"wp:featuredmedia":[{"embeddable":true,"href":"https:\/\/www.tibethaus.com\/tb\/wp-json\/wp\/v2\/media\/6905"}],"wp:attachment":[{"href":"https:\/\/www.tibethaus.com\/tb\/wp-json\/wp\/v2\/media?parent=6904"}],"wp:term":[{"taxonomy":"product_brand","embeddable":true,"href":"https:\/\/www.tibethaus.com\/tb\/wp-json\/wp\/v2\/product_brand?post=6904"},{"taxonomy":"product_cat","embeddable":true,"href":"https:\/\/www.tibethaus.com\/tb\/wp-json\/wp\/v2\/product_cat?post=6904"},{"taxonomy":"product_tag","embeddable":true,"href":"https:\/\/www.tibethaus.com\/tb\/wp-json\/wp\/v2\/product_tag?post=6904"}],"curies":[{"name":"wp","href":"https:\/\/api.w.org\/{rel}","templated":true}]}}