{"id":24783,"date":"2026-02-10T14:11:16","date_gmt":"2026-02-10T13:11:16","guid":{"rendered":"https:\/\/www.tibethaus.com\/?post_type=product&#038;p=24783"},"modified":"2026-02-10T14:11:16","modified_gmt":"2026-02-10T13:11:16","slug":"v2-6-friedensgebet","status":"publish","type":"product","link":"https:\/\/www.tibethaus.com\/tb\/produkt\/v2-6-friedensgebet\/","title":{"rendered":"Gebet f\u00fcr den Frieden in Coventry, Gro\u00dfbritannien"},"content":{"rendered":"<p>Gebet f\u00fcr den Frieden in den Ruinen der Kathedrale von Coventry, Gro\u00dfbritannien<\/p>\n<p>Foto von J. Treasure, V2.6<\/p>\n<p>Praying for peace in the Ruins of Coventry Cathedral, UK, 1984.<\/p>\n<p>Photo by J. Treasure, OHHDL. V2.6<\/p>\n<p>Ma\u00dfe\/Size: 40*30cm<\/p>\n<p><span data-teams=\"true\">Hinweis: Alle Bestellungen werden einmal im Monat gedruckt und versandt. Wir bitten daher um etwas Geduld.<\/span><\/p>\n","protected":false},"excerpt":{"rendered":"<p>Gebet f\u00fcr den Frieden in den Ruinen der Kathedrale von Coventry, Gro\u00dfbritannien<\/p>\n<p>Foto von J. Treasure, V2.6<\/p>\n<p>Praying for peace in the Ruins of Coventry Cathedral, UK, 1984.<\/p>\n<p>Photo by J. Treasure, OHHDL. V2.6<\/p>\n<p>Ma\u00dfe\/Size: 40*30cm<\/p>\n<p><span data-teams=\"true\">Hinweis: Alle Bestellungen werden einmal im Monat gedruckt und versandt. Wir bitten daher um etwas Geduld.<\/span><\/p>\n","protected":false},"featured_media":24784,"template":"","meta":{"_acf_changed":false,"inline_featured_image":false,"_price":"50.00","_stock":"","_tribe_ticket_header":"","_tribe_default_ticket_provider":"","_ticket_start_date":"","_ticket_end_date":"","_tribe_ticket_show_description":"","_tribe_ticket_show_not_going":false,"_tribe_ticket_use_global_stock":"","_tribe_ticket_global_stock_level":"","_global_stock_mode":"","_global_stock_cap":"","_tribe_rsvp_for_event":"","_tribe_ticket_going_count":"","_tribe_ticket_not_going_count":"","_tribe_tickets_list":"[]","_tribe_ticket_has_attendee_info_fields":false,"_tec_slr_enabled":"","_tec_slr_layout":""},"product_brand":[],"product_cat":[832],"product_tag":[160,834,835],"class_list":{"0":"post-24783","1":"product","2":"type-product","3":"status-publish","4":"has-post-thumbnail","6":"product_cat-foto-shdl90","7":"product_tag-dalai-lama","8":"product_tag-fotoausstellung","9":"product_tag-shdl90","10":"product_shipping_class-test","11":"sales-flash-overlay","12":"woocommerce-text-align-center","13":"woocommerce-image-align-center","14":"do-quantity-buttons","16":"first","17":"instock","18":"purchasable","19":"product-type-simple"},"acf":[],"_links":{"self":[{"href":"https:\/\/www.tibethaus.com\/tb\/wp-json\/wp\/v2\/product\/24783","targetHints":{"allow":["GET"]}}],"collection":[{"href":"https:\/\/www.tibethaus.com\/tb\/wp-json\/wp\/v2\/product"}],"about":[{"href":"https:\/\/www.tibethaus.com\/tb\/wp-json\/wp\/v2\/types\/product"}],"wp:featuredmedia":[{"embeddable":true,"href":"https:\/\/www.tibethaus.com\/tb\/wp-json\/wp\/v2\/media\/24784"}],"wp:attachment":[{"href":"https:\/\/www.tibethaus.com\/tb\/wp-json\/wp\/v2\/media?parent=24783"}],"wp:term":[{"taxonomy":"product_brand","embeddable":true,"href":"https:\/\/www.tibethaus.com\/tb\/wp-json\/wp\/v2\/product_brand?post=24783"},{"taxonomy":"product_cat","embeddable":true,"href":"https:\/\/www.tibethaus.com\/tb\/wp-json\/wp\/v2\/product_cat?post=24783"},{"taxonomy":"product_tag","embeddable":true,"href":"https:\/\/www.tibethaus.com\/tb\/wp-json\/wp\/v2\/product_tag?post=24783"}],"curies":[{"name":"wp","href":"https:\/\/api.w.org\/{rel}","templated":true}]}}