{"id":24633,"date":"2026-02-10T14:07:40","date_gmt":"2026-02-10T13:07:40","guid":{"rendered":"https:\/\/www.tibethaus.com\/?post_type=product&#038;p=24633"},"modified":"2026-02-10T14:07:41","modified_gmt":"2026-02-10T13:07:41","slug":"v2-34-singh-2","status":"publish","type":"product","link":"https:\/\/www.tibethaus.com\/tb\/produkt\/v2-34-singh-2\/","title":{"rendered":"Mit einem j\u00fcdischen Gl\u00e4ubigen in der Judah Hyam Synagoge"},"content":{"rendered":"<p>Mit einem j\u00fcdischen Gl\u00e4ubigen w\u00e4hrend eines Besuchs der Judah Hyam Synagoge in Neu-Delhi, Indien, am Dienstag, den 31. M\u00e4rz 2009.<\/p>\n<p>Foto von Tenzin Choejor, OHHDL. V2.5<\/p>\n<p>With a Jewish follower during a visit to the Judah Hyam Synagogue in New Delhi, India, on Tuesday, 31 March 2009.<\/p>\n<p>Photo by Tenzin Choejor, OHHDL. V2.5<\/p>\n<p>Ma\u00dfe\/Size: 40*30cm<\/p>\n<p><span data-teams=\"true\">Hinweis: Alle Bestellungen werden einmal im Monat gedruckt und versandt. Wir bitten daher um etwas Geduld.<\/span><\/p>\n","protected":false},"excerpt":{"rendered":"<p>Mit einem j\u00fcdischen Gl\u00e4ubigen w\u00e4hrend eines Besuchs der Judah Hyam Synagoge in Neu-Delhi, Indien, am Dienstag, den 31. M\u00e4rz 2009.<\/p>\n<p>Foto von Tenzin Choejor, OHHDL. V2.5<\/p>\n<p>With a Jewish follower during a visit to the Judah Hyam Synagogue in New Delhi, India, on Tuesday, 31 March 2009.<\/p>\n<p>Photo by Tenzin Choejor, OHHDL. V2.5<\/p>\n<p>Ma\u00dfe\/Size: 40*30cm<\/p>\n<p><span data-teams=\"true\">Hinweis: Alle Bestellungen werden einmal im Monat gedruckt und versandt. Wir bitten daher um etwas Geduld.<\/span><\/p>\n","protected":false},"featured_media":24779,"template":"","meta":{"_acf_changed":false,"inline_featured_image":false,"_price":"50.00","_stock":"","_tribe_ticket_header":"","_tribe_default_ticket_provider":"","_ticket_start_date":"","_ticket_end_date":"","_tribe_ticket_show_description":"","_tribe_ticket_show_not_going":false,"_tribe_ticket_use_global_stock":"","_tribe_ticket_global_stock_level":"","_global_stock_mode":"","_global_stock_cap":"","_tribe_rsvp_for_event":"","_tribe_ticket_going_count":"","_tribe_ticket_not_going_count":"","_tribe_tickets_list":"[]","_tribe_ticket_has_attendee_info_fields":false,"_tec_slr_enabled":"","_tec_slr_layout":""},"product_brand":[],"product_cat":[832],"product_tag":[160,834,835],"class_list":{"0":"post-24633","1":"product","2":"type-product","3":"status-publish","4":"has-post-thumbnail","6":"product_cat-foto-shdl90","7":"product_tag-dalai-lama","8":"product_tag-fotoausstellung","9":"product_tag-shdl90","10":"product_shipping_class-test","11":"sales-flash-overlay","12":"woocommerce-text-align-center","13":"woocommerce-image-align-center","14":"do-quantity-buttons","16":"first","17":"instock","18":"purchasable","19":"product-type-simple"},"acf":[],"_links":{"self":[{"href":"https:\/\/www.tibethaus.com\/tb\/wp-json\/wp\/v2\/product\/24633","targetHints":{"allow":["GET"]}}],"collection":[{"href":"https:\/\/www.tibethaus.com\/tb\/wp-json\/wp\/v2\/product"}],"about":[{"href":"https:\/\/www.tibethaus.com\/tb\/wp-json\/wp\/v2\/types\/product"}],"wp:featuredmedia":[{"embeddable":true,"href":"https:\/\/www.tibethaus.com\/tb\/wp-json\/wp\/v2\/media\/24779"}],"wp:attachment":[{"href":"https:\/\/www.tibethaus.com\/tb\/wp-json\/wp\/v2\/media?parent=24633"}],"wp:term":[{"taxonomy":"product_brand","embeddable":true,"href":"https:\/\/www.tibethaus.com\/tb\/wp-json\/wp\/v2\/product_brand?post=24633"},{"taxonomy":"product_cat","embeddable":true,"href":"https:\/\/www.tibethaus.com\/tb\/wp-json\/wp\/v2\/product_cat?post=24633"},{"taxonomy":"product_tag","embeddable":true,"href":"https:\/\/www.tibethaus.com\/tb\/wp-json\/wp\/v2\/product_tag?post=24633"}],"curies":[{"name":"wp","href":"https:\/\/api.w.org\/{rel}","templated":true}]}}