{"id":16915,"date":"2025-01-23T10:29:03","date_gmt":"2025-01-23T09:29:03","guid":{"rendered":"https:\/\/www.tibethaus.com\/?post_type=product&#038;p=16915"},"modified":"2026-04-15T12:25:03","modified_gmt":"2026-04-15T10:25:03","slug":"die-kraft-des-herzens-ein-praxishandbuch-eine-neue-ethik-fuer-uns-und-unsere-welt-mit-uebungen-und-meditationen-dagyab-rinpoche","status":"publish","type":"product","link":"https:\/\/www.tibethaus.com\/tb\/produkt\/die-kraft-des-herzens-ein-praxishandbuch-eine-neue-ethik-fuer-uns-und-unsere-welt-mit-uebungen-und-meditationen-dagyab-rinpoche\/","title":{"rendered":"Die Kraft des Herzens \u2013 Ein Praxishandbuch | Eine neue Ethik f\u00fcr uns und unsere Welt (Mit \u00dcbungen und Meditationen) | Dagyab Rinpoche"},"content":{"rendered":"<p>Monika Dr\u00e4ger (Herausgeberin)<br \/>\nunter Mitarbeit von Silvia Wiesmann<\/p>\n<p>Mitgef\u00fchl und Verbundenheit\u00a0im Alltag<\/p>\n<p>Wir alle m\u00f6chten gl\u00fccklich sein. Und die meisten Menschen wollen \u201egute Menschen\u201c sein und mit ihren Mitmenschen in Harmonie zusammenleben. Aber oft gelingt uns das nicht. In diesem Buch erkl\u00e4rt Dagyab Rinpoche einige Ideen des Dalai Lama zur F\u00f6rderung unserer inneren Werte und einer neuen Ethik, entwickelt aus dem Verst\u00e4ndnis unserer gegenseitigen Abh\u00e4ngigkeit und der von unserer Umwelt. Ohne sich auf eine Religion zu st\u00fctzen, sind diese Ideen f\u00fcr alle Menschen in unserer Gesellschaft von Nutzen. Ein Praxishandbuch mit mehr als 50 Reflexionen, Meditationen sowie \u00dcbungen im Alltag, einige als angeleitete Audio-Meditation. Durch sie k\u00f6nnen wir unser Potenzial f\u00fcr Liebe und Mitgef\u00fchl und andere innere Qualit\u00e4ten zur Bl\u00fcte bringen.<\/p>\n<p><strong>Dagyab Kyabg\u00f6n Rinpoche<\/strong> wurde 1940 in Minyak, Osttibet, geboren und wurde im Alter von vier Jahren als Neunter Kyabg\u00f6n (Schutzherr) der Dagyab Region anerkannt. Er ist der Gr\u00fcnder des Tibethauses Deutschland. Nach seiner fast 40-j\u00e4hrigen Lehrt\u00e4tigkeit als Tibetologe an der Universit\u00e4t Bonn lebt er mit seiner Frau in der N\u00e4he seiner Kinder und Enkelkinder in Berlin. Er ist ein enger Vertrauter des Dalai Lama und durch ihn inspiriert, hat Dagyab Rinpoche das Anliegen, innere menschliche Werte zu f\u00f6rdern \u2013 und zwar explizit auch ohne religi\u00f6sen Kontext.<\/p>\n<p><strong>Dr. med. Monika Dr\u00e4ger<\/strong> (Herausgeberin) arbeitete als \u00c4rztin, Dozentin und Autorin. Sie ist langj\u00e4hrige Sch\u00fclerin von Dagyab Rinpoche und lebt in Berlin.<\/p>\n<p><strong>Silvia Wiesmann<\/strong>, M.A., ist Dozentin im Bereich K\u00f6rperwahrnehmung und Achtsamkeit sowie SEE-Learning und lebt in Bern. Seit 1979 studiert und praktiziert sie Buddhismus und Meditation.<\/p>\n","protected":false},"excerpt":{"rendered":"<p>Monika Dr\u00e4ger (Herausgeberin)<br \/>\nunter Mitarbeit von Silvia Wiesmann<\/p>\n<p>Mitgef\u00fchl und Verbundenheit\u00a0im Alltag<\/p>\n<p>Wir alle m\u00f6chten gl\u00fccklich sein. Und die meisten Menschen wollen \u201egute Menschen\u201c sein und mit ihren Mitmenschen in Harmonie zusammenleben. Aber oft gelingt uns das nicht. In diesem Buch erkl\u00e4rt Dagyab Rinpoche einige Ideen des Dalai Lama zur F\u00f6rderung unserer inneren Werte und einer neuen Ethik, entwickelt aus dem Verst\u00e4ndnis unserer gegenseitigen Abh\u00e4ngigkeit und der von unserer Umwelt. Ohne sich auf eine Religion zu st\u00fctzen, sind diese Ideen f\u00fcr alle Menschen in unserer Gesellschaft von Nutzen. Ein Praxishandbuch mit mehr als 50 Reflexionen, Meditationen sowie \u00dcbungen im Alltag, einige als angeleitete Audio-Meditation. Durch sie k\u00f6nnen wir unser Potenzial f\u00fcr Liebe und Mitgef\u00fchl und andere innere Qualit\u00e4ten zur Bl\u00fcte bringen.<\/p>\n","protected":false},"featured_media":16916,"template":"","meta":{"_acf_changed":false,"inline_featured_image":false,"_price":"24.00","_stock":"90","_tribe_ticket_header":"","_tribe_default_ticket_provider":"","_ticket_start_date":"","_ticket_end_date":"","_tribe_ticket_show_description":"","_tribe_ticket_show_not_going":false,"_tribe_ticket_use_global_stock":"","_tribe_ticket_global_stock_level":"","_global_stock_mode":"","_global_stock_cap":"","_tribe_rsvp_for_event":"","_tribe_ticket_going_count":"","_tribe_ticket_not_going_count":"","_tribe_tickets_list":"[]","_tribe_ticket_has_attendee_info_fields":false,"_tec_slr_enabled":"","_tec_slr_layout":""},"product_brand":[],"product_cat":[220,159,421,94],"product_tag":[523,600,597,599,598],"class_list":{"0":"post-16915","1":"product","2":"type-product","3":"status-publish","4":"has-post-thumbnail","6":"product_cat-buecher-shop","7":"product_cat-neuheiten","8":"product_cat-shopstart","9":"product_cat-verlagsshop","10":"product_tag-dagyab-kyabgoen-rinpoche","11":"product_tag-ethik","12":"product_tag-monika-draeger","13":"product_tag-praxishandbuch","14":"product_tag-silvia-wiesmann","15":"sales-flash-overlay","16":"woocommerce-text-align-center","17":"woocommerce-image-align-center","18":"do-quantity-buttons","20":"first","21":"instock","22":"taxable","23":"shipping-taxable","24":"purchasable","25":"product-type-simple"},"acf":[],"_links":{"self":[{"href":"https:\/\/www.tibethaus.com\/tb\/wp-json\/wp\/v2\/product\/16915","targetHints":{"allow":["GET"]}}],"collection":[{"href":"https:\/\/www.tibethaus.com\/tb\/wp-json\/wp\/v2\/product"}],"about":[{"href":"https:\/\/www.tibethaus.com\/tb\/wp-json\/wp\/v2\/types\/product"}],"wp:featuredmedia":[{"embeddable":true,"href":"https:\/\/www.tibethaus.com\/tb\/wp-json\/wp\/v2\/media\/16916"}],"wp:attachment":[{"href":"https:\/\/www.tibethaus.com\/tb\/wp-json\/wp\/v2\/media?parent=16915"}],"wp:term":[{"taxonomy":"product_brand","embeddable":true,"href":"https:\/\/www.tibethaus.com\/tb\/wp-json\/wp\/v2\/product_brand?post=16915"},{"taxonomy":"product_cat","embeddable":true,"href":"https:\/\/www.tibethaus.com\/tb\/wp-json\/wp\/v2\/product_cat?post=16915"},{"taxonomy":"product_tag","embeddable":true,"href":"https:\/\/www.tibethaus.com\/tb\/wp-json\/wp\/v2\/product_tag?post=16915"}],"curies":[{"name":"wp","href":"https:\/\/api.w.org\/{rel}","templated":true}]}}