{"id":16910,"date":"2025-01-23T10:19:46","date_gmt":"2025-01-23T09:19:46","guid":{"rendered":"https:\/\/www.tibethaus.com\/?post_type=product&#038;p=16910"},"modified":"2026-04-28T11:51:18","modified_gmt":"2026-04-28T09:51:18","slug":"ein-leben-drei-welten-dagyab-rinpoche-aus-tibet-sabine-leuschner-annette-knuesel","status":"publish","type":"product","link":"https:\/\/www.tibethaus.com\/tb\/produkt\/ein-leben-drei-welten-dagyab-rinpoche-aus-tibet-sabine-leuschner-annette-knuesel\/","title":{"rendered":"EIN LEBEN, DREI WELTEN &#8211; Dagyab Rinpoche aus Tibet | Sabine Leuschner und Annette Kn\u00fcsel (Autorinnen)"},"content":{"rendered":"<p>Ein au\u00dfergew\u00f6hnliches Leben in Tibet, Indien und Deutschland<\/p>\n<p>In Tibet als uneheliches Kind einer Magd geboren, aufgefunden als Wiedergeburt eines der rangh\u00f6chsten geistlichen Oberh\u00e4upter des Landes, aus der Familie gerissen und einer strengen Ausbildung unterworfen \u2013 so vollzieht sich die Kindheit Dagyab Kyabg\u00f6n Rinpoches in den Vierzigerjahren des 20. Jahrhunderts in Osttibet. Nach dem Einmarsch Chinas, flieht er im Gefolge des Dalai Lama nach Indien. Nicht mehr auf\u00a0hohen\u00a0Thronen, sondern in provisorischen Unterk\u00fcnften, mit dem Dalai Lama in dessen Residenz zwanglos Tee trinkend, zu F\u00fc\u00dfen seiner Lehrer studierend, so verbringt er die ersten Jahre in seinem\u00a0\u201ezweites Leben\u201c, bis ihn eine Einladung aus Deutschland erneut zu einem Neuanfang bewegt. Sein \u201edrittes Leben\u201c findet im Westen statt. 1966 kommt er nach Deutschland und beginnt seine T\u00e4tigkeit als Tibetologe an der Universit\u00e4t Bonn. Als buddhistischer Lehrer wird er sp\u00e4ter\u00a0weltweit wirken. In dieser Biografie erz\u00e4hlen Sabine Leuschner und Annette Kn\u00fcsel Dagyab Rinpoches au\u00dfergew\u00f6hnliches Leben.\u00a0Das Buch beinhaltet zahlreiche, teilweise unver\u00f6ffentlichte historische Fotografien.<\/p>\n<p><strong>Dagyab Kyabg\u00f6n Rinpoche<\/strong> wurde 1940 in Minyak, Osttibet, geboren und wurde im Alter von vier Jahren als Neunter Kyabg\u00f6n (Schutzherr) der Dagyab Region anerkannt. Er ist der Gr\u00fcnder des Tibethauses Deutschland. Nach seiner fast 40-j\u00e4hrigen Lehrt\u00e4tigkeit als Tibetologe an der Universit\u00e4t Bonn lebt er heute zusammen mit seiner Frau in der N\u00e4he seiner Kinder und Enkelkinder in Berlin.<\/p>\n<p><strong>Sabine Leuschner <\/strong>ist seit 1984 Sch\u00fclerin von Dagyab Rinpoche und Mitarbeiterin in seinen Zentren.<strong>\u00a0<\/strong><\/p>\n<p><strong>Annette Kn\u00fcsel<\/strong> ist seit 2001 Sch\u00fclerin von Dagyab Rinpoche. Von 2006 bis 2009 war sie Gr\u00fcndungsmanagerin des Tibethaus Deutschland.<\/p>\n","protected":false},"excerpt":{"rendered":"<p>Ein au\u00dfergew\u00f6hnliches Leben in Tibet, Indien und Deutschland<\/p>\n<p>In Tibet als uneheliches Kind einer Magd geboren, aufgefunden als Wiedergeburt eines der rangh\u00f6chsten geistlichen Oberh\u00e4upter des Landes, aus der Familie gerissen und einer strengen Ausbildung unterworfen \u2013 so vollzieht sich die Kindheit Dagyab Kyabg\u00f6n Rinpoches in den Vierzigerjahren des 20. Jahrhunderts in Osttibet. Nach dem Einmarsch Chinas, flieht er im Gefolge des Dalai Lama nach Indien. Nicht mehr auf\u00a0hohen\u00a0Thronen, sondern in provisorischen Unterk\u00fcnften, mit dem Dalai Lama in dessen Residenz zwanglos Tee trinkend, zu F\u00fc\u00dfen seiner Lehrer studierend, so verbringt er die ersten Jahre in seinem\u00a0\u201ezweites Leben\u201c, bis ihn eine Einladung aus Deutschland erneut zu einem Neuanfang bewegt. Sein \u201edrittes Leben\u201c findet im Westen statt. 1966 kommt er nach Deutschland und beginnt seine T\u00e4tigkeit als Tibetologe an der Universit\u00e4t Bonn. Als buddhistischer Lehrer wird er sp\u00e4ter\u00a0weltweit wirken. In dieser Biografie erz\u00e4hlen Sabine Leuschner und Annette Kn\u00fcsel Dagyab Rinpoches au\u00dfergew\u00f6hnliches Leben.\u00a0Das Buch beinhaltet zahlreiche, teilweise unver\u00f6ffentlichte historische Fotografien.<\/p>\n","protected":false},"featured_media":16911,"template":"","meta":{"_acf_changed":false,"inline_featured_image":false,"_price":"40.00","_stock":"54","_tribe_ticket_header":"","_tribe_default_ticket_provider":"","_ticket_start_date":"","_ticket_end_date":"","_tribe_ticket_show_description":"","_tribe_ticket_show_not_going":false,"_tribe_ticket_use_global_stock":"","_tribe_ticket_global_stock_level":"","_global_stock_mode":"","_global_stock_cap":"","_tribe_rsvp_for_event":"","_tribe_ticket_going_count":"","_tribe_ticket_not_going_count":"","_tribe_tickets_list":"[]","_tribe_ticket_has_attendee_info_fields":false,"_tec_slr_enabled":"","_tec_slr_layout":""},"product_brand":[],"product_cat":[220,159,421,94],"product_tag":[596,527,523,160,595],"class_list":{"0":"post-16910","1":"product","2":"type-product","3":"status-publish","4":"has-post-thumbnail","6":"product_cat-buecher-shop","7":"product_cat-neuheiten","8":"product_cat-shopstart","9":"product_cat-verlagsshop","10":"product_tag-annette-knuesel","11":"product_tag-biographie","12":"product_tag-dagyab-kyabgoen-rinpoche","13":"product_tag-dalai-lama","14":"product_tag-sabine-leuschner","15":"sales-flash-overlay","16":"woocommerce-text-align-center","17":"woocommerce-image-align-center","18":"do-quantity-buttons","20":"first","21":"instock","22":"taxable","23":"shipping-taxable","24":"purchasable","25":"product-type-simple"},"acf":[],"_links":{"self":[{"href":"https:\/\/www.tibethaus.com\/tb\/wp-json\/wp\/v2\/product\/16910","targetHints":{"allow":["GET"]}}],"collection":[{"href":"https:\/\/www.tibethaus.com\/tb\/wp-json\/wp\/v2\/product"}],"about":[{"href":"https:\/\/www.tibethaus.com\/tb\/wp-json\/wp\/v2\/types\/product"}],"wp:featuredmedia":[{"embeddable":true,"href":"https:\/\/www.tibethaus.com\/tb\/wp-json\/wp\/v2\/media\/16911"}],"wp:attachment":[{"href":"https:\/\/www.tibethaus.com\/tb\/wp-json\/wp\/v2\/media?parent=16910"}],"wp:term":[{"taxonomy":"product_brand","embeddable":true,"href":"https:\/\/www.tibethaus.com\/tb\/wp-json\/wp\/v2\/product_brand?post=16910"},{"taxonomy":"product_cat","embeddable":true,"href":"https:\/\/www.tibethaus.com\/tb\/wp-json\/wp\/v2\/product_cat?post=16910"},{"taxonomy":"product_tag","embeddable":true,"href":"https:\/\/www.tibethaus.com\/tb\/wp-json\/wp\/v2\/product_tag?post=16910"}],"curies":[{"name":"wp","href":"https:\/\/api.w.org\/{rel}","templated":true}]}}