{"id":13351,"date":"2024-07-02T10:28:06","date_gmt":"2024-07-02T08:28:06","guid":{"rendered":"https:\/\/www.tibethaus.com\/?post_type=product&#038;p=13351"},"modified":"2025-11-25T15:41:43","modified_gmt":"2025-11-25T14:41:43","slug":"die-stufen-des-pfades-zum-erwachen-gebundene-ausgabe-die-essenz-meiner-lehre-dalai-lama","status":"publish","type":"product","link":"https:\/\/www.tibethaus.com\/tb\/produkt\/die-stufen-des-pfades-zum-erwachen-gebundene-ausgabe-die-essenz-meiner-lehre-dalai-lama\/","title":{"rendered":"Die Stufen des Pfades zum Erwachen\u00a0(Gebundene\u00a0Ausgabe) &#8211; Die Essenz meiner Lehre | Dalai Lama"},"content":{"rendered":"<p style=\"font-weight: 400;\">Ein klassischer Text &#8211; f\u00fcr unsere Zeit<\/p>\n<p style=\"font-weight: 400;\">Ein Schl\u00fcsseltext des Buddhismus wird neu entdeckt. Mit der \u00dcbersetzung und seinem Kommentar zu\u00a0<em>Ma\u00f1ju\u015br\u012bs m\u00fcndliche Anweisungen: Anweisungen zu den Stufen des Pfades\u00a0<\/em>erschlie\u00dft der Dalai Lama ein wichtiges Werk des Gro\u00dfen F\u00fcnften Dalai Lama neu f\u00fcr unsere Zeit. Ein Buch, das weit \u00fcber einen blo\u00dfen Kommentar hinausreicht, voller Gelehrsamkeit und gro\u00dfer Weisheit. Ein Muss f\u00fcr jeden, der sich f\u00fcr den Buddhismus interessiert.<\/p>\n<p style=\"font-weight: 400;\">Der Dalai Lama (Autor)<\/p>\n<p style=\"font-weight: 400;\">wurde 1935 im Nordosten Tibets geboren. Der buddhistische M\u00f6nch erhielt im Alter von vier Jahren in der tibetischen Hauptstadt Lhasa offiziell den Titel des Vierzehnten Dalai Lama. Er floh nach der Besetzung Tibets durch China 1959 nach Indien und residiert im Exil in Dharamsala. Auf seinen regelm\u00e4\u00dfigen Reisen in westliche L\u00e4nder gilt er als Botschafter des Friedens und als anerkannter Gespr\u00e4chspartner f\u00fcr Fragen rund um das Leben und Spiritualit\u00e4t. Mit dem Friedensnobelpreis ausgezeichnet ist der Dalai Lama nicht nur der bedeutendste Repr\u00e4sentant des Buddhismus, sondern weltweit unumstritten einer der gro\u00dfen Repr\u00e4sentanten der Weisheit.<\/p>\n<p style=\"font-weight: 400;\">Dagyab Kyabg\u00f6n Rinpoche (Herausgeber)<\/p>\n<p style=\"font-weight: 400;\">wurde 1940 in Minyak, Osttibet, geboren und im Alter von vier Jahren als Neunter Kyabg\u00f6n (Schutzherr) der Dagyab Region anerkannt. Er ist der Gr\u00fcnder des Tibethauses Deutschland. Nach seiner fast 40-j\u00e4hrigen Lehrt\u00e4tigkeit als Tibetologe an der Universit\u00e4t Bonn lebt er zusammen mit seiner Frau in der N\u00e4he seiner beiden Kinder und f\u00fcnf Enkelkinder in Berlin. Als exzellenter Kenner des deutschsprachigen Kulturraums ermutigt er in seinen Vortr\u00e4gen und Unterweisungen immer wieder dazu, den eigenen Geist zu ver\u00e4ndern und damit die eigene F\u00e4higkeit zu st\u00e4rken, ein guter Mensch zu sein.<\/p>\n","protected":false},"excerpt":{"rendered":"<p><strong>Erscheinungstermin am 8. Juli 2024<\/strong><\/p>\n<p style=\"font-weight: 400;\">Ein klassischer Text &#8211; f\u00fcr unsere Zeit<\/p>\n<p style=\"font-weight: 400;\">Ein Schl\u00fcsseltext des Buddhismus wird neu entdeckt. Mit der \u00dcbersetzung und seinem Kommentar zu\u00a0<em>Ma\u00f1ju\u015br\u012bs m\u00fcndliche Anweisungen: Anweisungen zu den Stufen des Pfades\u00a0<\/em>erschlie\u00dft der Dalai Lama ein wichtiges Werk des Gro\u00dfen F\u00fcnften Dalai Lama neu f\u00fcr unsere Zeit. Ein Buch, das weit \u00fcber einen blo\u00dfen Kommentar hinausreicht, voller Gelehrsamkeit und gro\u00dfer Weisheit. Ein Muss f\u00fcr jeden, der sich f\u00fcr den Buddhismus interessiert.<\/p>\n","protected":false},"featured_media":13352,"template":"","meta":{"_acf_changed":false,"inline_featured_image":false,"_price":"48.00","_stock":"","_tribe_ticket_header":"","_tribe_default_ticket_provider":"","_ticket_start_date":"","_ticket_end_date":"","_tribe_ticket_show_description":"","_tribe_ticket_show_not_going":false,"_tribe_ticket_use_global_stock":"","_tribe_ticket_global_stock_level":"","_global_stock_mode":"","_global_stock_cap":"","_tribe_rsvp_for_event":"","_tribe_ticket_going_count":"","_tribe_ticket_not_going_count":"","_tribe_tickets_list":"[]","_tribe_ticket_has_attendee_info_fields":false,"_tec_slr_enabled":"","_tec_slr_layout":""},"product_brand":[],"product_cat":[220,222,159,421,94],"product_tag":[523,161,160,524,162,525],"class_list":{"0":"post-13351","1":"product","2":"type-product","3":"status-publish","4":"has-post-thumbnail","6":"product_cat-buecher-shop","7":"product_cat-buecher-buecher-shop","8":"product_cat-neuheiten","9":"product_cat-shopstart","10":"product_cat-verlagsshop","11":"product_tag-dagyab-kyabgoen-rinpoche","12":"product_tag-dagyab-rinpoche","13":"product_tag-dalai-lama","14":"product_tag-herder","15":"product_tag-lamrim","16":"product_tag-stufen-des-pfades","17":"product_shipping_class-versandklasse-1","18":"sales-flash-overlay","19":"woocommerce-text-align-center","20":"woocommerce-image-align-center","21":"do-quantity-buttons","23":"first","24":"instock","25":"taxable","26":"shipping-taxable","27":"purchasable","28":"product-type-simple"},"acf":[],"_links":{"self":[{"href":"https:\/\/www.tibethaus.com\/tb\/wp-json\/wp\/v2\/product\/13351","targetHints":{"allow":["GET"]}}],"collection":[{"href":"https:\/\/www.tibethaus.com\/tb\/wp-json\/wp\/v2\/product"}],"about":[{"href":"https:\/\/www.tibethaus.com\/tb\/wp-json\/wp\/v2\/types\/product"}],"wp:featuredmedia":[{"embeddable":true,"href":"https:\/\/www.tibethaus.com\/tb\/wp-json\/wp\/v2\/media\/13352"}],"wp:attachment":[{"href":"https:\/\/www.tibethaus.com\/tb\/wp-json\/wp\/v2\/media?parent=13351"}],"wp:term":[{"taxonomy":"product_brand","embeddable":true,"href":"https:\/\/www.tibethaus.com\/tb\/wp-json\/wp\/v2\/product_brand?post=13351"},{"taxonomy":"product_cat","embeddable":true,"href":"https:\/\/www.tibethaus.com\/tb\/wp-json\/wp\/v2\/product_cat?post=13351"},{"taxonomy":"product_tag","embeddable":true,"href":"https:\/\/www.tibethaus.com\/tb\/wp-json\/wp\/v2\/product_tag?post=13351"}],"curies":[{"name":"wp","href":"https:\/\/api.w.org\/{rel}","templated":true}]}}