{"id":9266,"date":"2023-11-20T19:07:42","date_gmt":"2023-11-20T18:07:42","guid":{"rendered":"https:\/\/www.tibethaus.com\/?post_type=product&#038;p=9266"},"modified":"2026-03-17T09:26:30","modified_gmt":"2026-03-17T08:26:30","slug":"dalai-lama-erklaerungen-zur-natur-des-geistes-mit-kommentaren-von-dagyab-kyabgoen-rinpoche","status":"publish","type":"product","link":"https:\/\/www.tibethaus.com\/en\/produkt\/dalai-lama-erklaerungen-zur-natur-des-geistes-mit-kommentaren-von-dagyab-kyabgoen-rinpoche\/","title":{"rendered":"DALAI LAMA &#8211; Erkl\u00e4rungen zur Natur des Geistes | Mit Kommentaren von Dagyab Kyabg\u00f6n Rinpoche"},"content":{"rendered":"<p><strong>Der unfassbaren Natur des Geistes auf die Spur kommen<\/strong><\/p>\n<p>In seinen f\u00fcnf Vortr\u00e4gen gibt der XIV. Dalai Lama uns die M\u00f6glichkeit, dar\u00fcber tiefer nachzudenken, indem er die grundlegenden Ans\u00e4tze der verschiedenen tibetischen Schulrichtungen miteinander vergleicht.<\/p>\n<p>Das ist etwas Besonderes und eine seltene Gelegenheit, denn die meisten tibetischen Lehrerinnen und Lehrer sind nur mit ihrer eigenen Schulrichtung eng vertraut. Der Dalai Lama hatte die M\u00f6glichkeitund die innere F\u00e4higkeit, von den f\u00fchrenden Pers\u00f6nlichkeiten aller Schulrichtungen lernen zu d\u00fcrfen. Immer geht es in seinen Erkl\u00e4rungen darum, wie wir wirklich die tiefste Natur unseres Geistes erfahren k\u00f6nnen.<\/p>\n<p>Die Texte wurden in enger Zusammenarbeit mit S. E. Dagyab Kyabg\u00f6n Rinpoche von der erfahrenen \u00dcbersetzerin Dr. Cornelia Weishaar-G\u00fcnter vom Tibetischen ins Deutsche \u00fcbersetzt.<\/p>\n","protected":false},"excerpt":{"rendered":"<p><strong>Der unfassbaren Natur des Geistes auf die Spur kommen<\/strong><\/p>\n<p>In seinen f\u00fcnf Vortr\u00e4gen gibt der XIV. Dalai Lama uns die M\u00f6glichkeit, dar\u00fcber tiefer nachzudenken, indem er die grundlegenden Ans\u00e4tze der verschiedenen tibetischen Schulrichtungen miteinander vergleicht.<\/p>\n<p>Das ist etwas Besonderes und eine seltene Gelegenheit, denn die meisten tibetischen Lehrerinnen und Lehrer sind nur mit ihrer eigenen Schulrichtung eng vertraut. Der Dalai Lama hatte die M\u00f6glichkeitund die innere F\u00e4higkeit, von den f\u00fchrenden Pers\u00f6nlichkeiten aller Schulrichtungen lernen zu d\u00fcrfen. Immer geht es in seinen Erkl\u00e4rungen darum, wie wir wirklich die tiefste Natur unseres Geistes erfahren k\u00f6nnen.<\/p>\n<p>Die Texte wurden in enger Zusammenarbeit mit S. E. Dagyab Kyabg\u00f6n Rinpoche von der erfahrenen \u00dcbersetzerin Dr. Cornelia Weishaar-G\u00fcnter vom Tibetischen ins Deutsche \u00fcbersetzt.<\/p>\n","protected":false},"featured_media":9271,"template":"","meta":{"_acf_changed":false,"inline_featured_image":false,"_price":"28.00","_stock":"36","_tribe_ticket_header":"","_tribe_default_ticket_provider":"","_ticket_start_date":"","_ticket_end_date":"","_tribe_ticket_show_description":"","_tribe_ticket_show_not_going":false,"_tribe_ticket_use_global_stock":"","_tribe_ticket_global_stock_level":"","_global_stock_mode":"","_global_stock_cap":"","_tribe_rsvp_for_event":"","_tribe_ticket_going_count":"","_tribe_ticket_not_going_count":"","_tribe_tickets_list":"[]","_tribe_ticket_has_attendee_info_fields":false,"_tec_slr_enabled":"","_tec_slr_layout":""},"product_brand":[],"product_cat":[220,159,94],"product_tag":[351,160,271,350,352],"class_list":{"0":"post-9266","1":"product","2":"type-product","3":"status-publish","4":"has-post-thumbnail","6":"product_cat-buecher-shop","7":"product_cat-neuheiten","8":"product_cat-verlagsshop","9":"product_tag-dagyab-rinpche","10":"product_tag-dalai-lama","11":"product_tag-dr-cornelia-weishaar-guenter","12":"product_tag-natur-des-geistes","13":"product_tag-neuerscheinung","14":"sales-flash-overlay","15":"woocommerce-text-align-center","16":"woocommerce-image-align-center","17":"do-quantity-buttons","19":"first","20":"instock","21":"taxable","22":"shipping-taxable","23":"purchasable","24":"product-type-simple"},"acf":[],"_links":{"self":[{"href":"https:\/\/www.tibethaus.com\/en\/wp-json\/wp\/v2\/product\/9266","targetHints":{"allow":["GET"]}}],"collection":[{"href":"https:\/\/www.tibethaus.com\/en\/wp-json\/wp\/v2\/product"}],"about":[{"href":"https:\/\/www.tibethaus.com\/en\/wp-json\/wp\/v2\/types\/product"}],"wp:featuredmedia":[{"embeddable":true,"href":"https:\/\/www.tibethaus.com\/en\/wp-json\/wp\/v2\/media\/9271"}],"wp:attachment":[{"href":"https:\/\/www.tibethaus.com\/en\/wp-json\/wp\/v2\/media?parent=9266"}],"wp:term":[{"taxonomy":"product_brand","embeddable":true,"href":"https:\/\/www.tibethaus.com\/en\/wp-json\/wp\/v2\/product_brand?post=9266"},{"taxonomy":"product_cat","embeddable":true,"href":"https:\/\/www.tibethaus.com\/en\/wp-json\/wp\/v2\/product_cat?post=9266"},{"taxonomy":"product_tag","embeddable":true,"href":"https:\/\/www.tibethaus.com\/en\/wp-json\/wp\/v2\/product_tag?post=9266"}],"curies":[{"name":"wp","href":"https:\/\/api.w.org\/{rel}","templated":true}]}}