{"id":7312,"date":"2023-09-13T13:33:52","date_gmt":"2023-09-13T11:33:52","guid":{"rendered":"https:\/\/www.tibethaus.com\/?post_type=product&#038;p=7312"},"modified":"2026-04-28T12:51:56","modified_gmt":"2026-04-28T10:51:56","slug":"verse-der-verwirklichung-phabongkha-rinpoche","status":"publish","type":"product","link":"https:\/\/www.tibethaus.com\/en\/produkt\/verse-der-verwirklichung-phabongkha-rinpoche\/","title":{"rendered":"Verse der Verwirklichung |\u00a0Phabongkha Rinpoche"},"content":{"rendered":"<p>Die Verse der Verwirklichung sind k\u00fcrzere, oft als Gedicht verfasste, Briefe und Lieder, in denen der gro\u00dfe Meister Phabongkha Rinpoche (1878 bis 1941) seine innere Erfahrung auf sehr direkte Weise zum Ausdruck bringt. Sie beinhalten Ratschl\u00e4ge zur Praxis des Sutra und Tantra. Insbesondere enthalten sie Empfehlungen, wie wir auf dem Stufenweg zur Erleuchtung (tib. Lamrim) in der Meditation und im Alltag voranschreiten k\u00f6nnen. Wir erhalten somit n\u00fctzliche Hinweise, wie wir unsere Lebenszeit richtig nutzen k\u00f6nnen.<\/p>\n","protected":false},"excerpt":{"rendered":"<p>Die Verse der Verwirklichung sind k\u00fcrzere, oft als Gedicht verfasste, Briefe und Lieder, in denen der gro\u00dfe Meister Phabongkha Rinpoche (1878 bis 1941) seine innere Erfahrung auf sehr direkte Weise zum Ausdruck bringt. Sie beinhalten Ratschl\u00e4ge zur Praxis des Sutra und Tantra. Insbesondere enthalten sie Empfehlungen, wie wir auf dem Stufenweg zur Erleuchtung (tib. Lamrim) in der Meditation und im Alltag voranschreiten k\u00f6nnen. Wir erhalten somit n\u00fctzliche Hinweise, wie wir unsere Lebenszeit richtig nutzen k\u00f6nnen.<\/p>\n","protected":false},"featured_media":7313,"template":"","meta":{"_acf_changed":false,"inline_featured_image":false,"_price":"12.00","_stock":"34","_tribe_ticket_header":"","_tribe_default_ticket_provider":"","_ticket_start_date":"","_ticket_end_date":"","_tribe_ticket_show_description":"","_tribe_ticket_show_not_going":false,"_tribe_ticket_use_global_stock":"","_tribe_ticket_global_stock_level":"","_global_stock_mode":"","_global_stock_cap":"","_tribe_rsvp_for_event":"","_tribe_ticket_going_count":"","_tribe_ticket_not_going_count":"","_tribe_tickets_list":"[]","_tribe_ticket_has_attendee_info_fields":false,"_tec_slr_enabled":"","_tec_slr_layout":""},"product_brand":[],"product_cat":[221,94],"product_tag":[302,162],"class_list":{"0":"post-7312","1":"product","2":"type-product","3":"status-publish","4":"has-post-thumbnail","6":"product_cat-buddhismus-allgemein","7":"product_cat-verlagsshop","8":"product_tag-buddhismus-allgemein","9":"product_tag-lamrim","10":"sales-flash-overlay","11":"woocommerce-text-align-center","12":"woocommerce-image-align-center","13":"do-quantity-buttons","15":"first","16":"instock","17":"taxable","18":"shipping-taxable","19":"purchasable","20":"product-type-simple"},"acf":[],"_links":{"self":[{"href":"https:\/\/www.tibethaus.com\/en\/wp-json\/wp\/v2\/product\/7312","targetHints":{"allow":["GET"]}}],"collection":[{"href":"https:\/\/www.tibethaus.com\/en\/wp-json\/wp\/v2\/product"}],"about":[{"href":"https:\/\/www.tibethaus.com\/en\/wp-json\/wp\/v2\/types\/product"}],"wp:featuredmedia":[{"embeddable":true,"href":"https:\/\/www.tibethaus.com\/en\/wp-json\/wp\/v2\/media\/7313"}],"wp:attachment":[{"href":"https:\/\/www.tibethaus.com\/en\/wp-json\/wp\/v2\/media?parent=7312"}],"wp:term":[{"taxonomy":"product_brand","embeddable":true,"href":"https:\/\/www.tibethaus.com\/en\/wp-json\/wp\/v2\/product_brand?post=7312"},{"taxonomy":"product_cat","embeddable":true,"href":"https:\/\/www.tibethaus.com\/en\/wp-json\/wp\/v2\/product_cat?post=7312"},{"taxonomy":"product_tag","embeddable":true,"href":"https:\/\/www.tibethaus.com\/en\/wp-json\/wp\/v2\/product_tag?post=7312"}],"curies":[{"name":"wp","href":"https:\/\/api.w.org\/{rel}","templated":true}]}}