{"id":7196,"date":"2023-09-13T13:34:49","date_gmt":"2023-09-13T11:34:49","guid":{"rendered":"https:\/\/www.tibethaus.com\/?post_type=product&#038;p=7196"},"modified":"2025-05-08T10:13:42","modified_gmt":"2025-05-08T08:13:42","slug":"der-vergnuegungssee-der-grossen-glueckseligkeit-praxistext-zum-selbsteintritt","status":"publish","type":"product","link":"https:\/\/www.tibethaus.com\/en\/produkt\/der-vergnuegungssee-der-grossen-glueckseligkeit-praxistext-zum-selbsteintritt\/","title":{"rendered":"Der Vergn\u00fcgungssee der Gro\u00dfen Gl\u00fcckseligkeit &#8211; Praxistext zum Selbsteintritt"},"content":{"rendered":"<p>Ein Selbsteintritt in das Mandala des Cakrasamvara nach der Luipa-Tradition. Gek\u00fcrzte Fassung nach dem Mandala-Ritual von Kh\u00e4drup P\u00e4l Zangpo.<\/p>\n<p>Tantra-Klasse: Anuttarayoga-Tantra<\/p>\n<p>Voraussetzung: Erm\u00e4chtigung und durchgef\u00fchrtes ma\u00dfgebliches Retreat in Cakrasamvara nach Luipa-Tradition.<\/p>\n<p class=\"p1\"><b>Hinweis f\u00fcr die Bestellung<\/b><\/p>\n<p class=\"p1\">F\u00fcr das Studieren und Praktizieren dieses Textes ist es notwendig, eine Erm\u00e4chtigung in die entsprechende Praxis &#8211; in Form eines meditativen Rituals &#8211; erhalten zu haben. Bitte geben Sie bei Ihrer Bestellung (im Textfeld: Notizen zur Bestellung \/ zu finden auf der letzten Bestelldetails Seite beim Checkout) den Namen des Lehrers oder der Lehrerin an, sowie den Ort und das Datum der Erm\u00e4chtigung.<\/p>\n","protected":false},"excerpt":{"rendered":"<p>Praxistext<\/p>\n","protected":false},"featured_media":7197,"template":"","meta":{"_acf_changed":false,"inline_featured_image":false,"_price":"20.00","_stock":"0","_tribe_ticket_header":"","_tribe_default_ticket_provider":"","_ticket_start_date":"","_ticket_end_date":"","_tribe_ticket_show_description":"","_tribe_ticket_show_not_going":false,"_tribe_ticket_use_global_stock":"","_tribe_ticket_global_stock_level":"","_global_stock_mode":"","_global_stock_cap":"","_tribe_rsvp_for_event":"","_tribe_ticket_going_count":"","_tribe_ticket_not_going_count":"","_tribe_tickets_list":"[]","_tribe_ticket_has_attendee_info_fields":false,"_tec_slr_enabled":"","_tec_slr_layout":""},"product_brand":[],"product_cat":[244,94],"product_tag":[293,284],"class_list":{"0":"post-7196","1":"product","2":"type-product","3":"status-publish","4":"has-post-thumbnail","6":"product_cat-cakrasamvara-heruka","7":"product_cat-verlagsshop","8":"product_tag-charasamvara","9":"product_tag-tantra","10":"sales-flash-overlay","11":"woocommerce-text-align-center","12":"woocommerce-image-align-center","13":"do-quantity-buttons","15":"first","16":"outofstock","17":"taxable","18":"shipping-taxable","19":"purchasable","20":"product-type-simple"},"acf":[],"_links":{"self":[{"href":"https:\/\/www.tibethaus.com\/en\/wp-json\/wp\/v2\/product\/7196","targetHints":{"allow":["GET"]}}],"collection":[{"href":"https:\/\/www.tibethaus.com\/en\/wp-json\/wp\/v2\/product"}],"about":[{"href":"https:\/\/www.tibethaus.com\/en\/wp-json\/wp\/v2\/types\/product"}],"wp:featuredmedia":[{"embeddable":true,"href":"https:\/\/www.tibethaus.com\/en\/wp-json\/wp\/v2\/media\/7197"}],"wp:attachment":[{"href":"https:\/\/www.tibethaus.com\/en\/wp-json\/wp\/v2\/media?parent=7196"}],"wp:term":[{"taxonomy":"product_brand","embeddable":true,"href":"https:\/\/www.tibethaus.com\/en\/wp-json\/wp\/v2\/product_brand?post=7196"},{"taxonomy":"product_cat","embeddable":true,"href":"https:\/\/www.tibethaus.com\/en\/wp-json\/wp\/v2\/product_cat?post=7196"},{"taxonomy":"product_tag","embeddable":true,"href":"https:\/\/www.tibethaus.com\/en\/wp-json\/wp\/v2\/product_tag?post=7196"}],"curies":[{"name":"wp","href":"https:\/\/api.w.org\/{rel}","templated":true}]}}