{"id":7171,"date":"2023-09-13T13:34:51","date_gmt":"2023-09-13T11:34:51","guid":{"rendered":"https:\/\/www.tibethaus.com\/?post_type=product&#038;p=7171"},"modified":"2024-02-07T17:39:03","modified_gmt":"2024-02-07T16:39:03","slug":"das-fest-der-vajrahalter-kommentar-zur-anuttarayoga-ermaechtigung-lhuendrub-pandita","status":"publish","type":"product","link":"https:\/\/www.tibethaus.com\/en\/produkt\/das-fest-der-vajrahalter-kommentar-zur-anuttarayoga-ermaechtigung-lhuendrub-pandita\/","title":{"rendered":"Das Fest der Vajrahalter &#8211; Kommentar zur Anuttarayoga-Erm\u00e4chtigung | Lh\u00fcndrub Pandita"},"content":{"rendered":"<p>Die verschiedenen Abschnitte der Anuttarayoga-Erm\u00e4chtigung werden in diesem Kommentar detailliert beschrieben, um somit ein tiefes Verst\u00e4ndnis des Ablaufs und der Bedeutung der Erm\u00e4chtigung zu erhalten. Mit einem Vorwort von Dagyab Kyabg\u00f6n Rinpoche.<\/p>\n<p>Tantra-Klasse: Anuttarayoga-Tantra<\/p>\n<p>Voraussetzung: Eine Erm\u00e4chtigung in Anuttarayoga-Tantra<\/p>\n<p class=\"p1\"><b>Hinweis f\u00fcr die Bestellung<\/b><\/p>\n<p class=\"p1\">F\u00fcr das Studieren und Praktizieren dieses Textes ist es notwendig, eine Erm\u00e4chtigung in die entsprechende Praxis &#8211; in Form eines meditativen Rituals &#8211; erhalten zu haben. Bitte geben Sie bei Ihrer Bestellung (im Textfeld: Notizen zur Bestellung \/ zu finden auf der letzten Bestelldetails Seite beim Checkout) den Namen des Lehrers oder der Lehrerin an, sowie den Ort und das Datum der Erm\u00e4chtigung.<\/p>\n","protected":false},"excerpt":{"rendered":"<p>Die verschiedenen Abschnitte der Anuttarayoga-Erm\u00e4chtigung werden in diesem Kommentar detailliert beschrieben, um somit ein tiefes Verst\u00e4ndnis des Ablaufs und der Bedeutung der Erm\u00e4chtigung zu erhalten. Mit einem Vorwort von Dagyab Kyabg\u00f6n Rinpoche.<\/p>\n<p>Tantra-Klasse: Anuttarayoga-Tantra<\/p>\n<p>Voraussetzung: Eine Erm\u00e4chtigung in Anuttarayoga-Tantra<\/p>\n<p class=\"p1\"><b>Hinweis f\u00fcr die Bestellung<\/b><\/p>\n<p class=\"p1\">F\u00fcr das Studieren und Praktizieren dieses Textes ist es notwendig, eine Erm\u00e4chtigung in die entsprechende Praxis &#8211; in Form eines meditativen Rituals &#8211; erhalten zu haben. Bitte geben Sie bei Ihrer Bestellung (im Textfeld: Notizen zur Bestellung \/ zu finden auf der letzten Bestelldetails Seite beim Checkout) den Namen des Lehrers oder der Lehrerin an, sowie den Ort und das Datum der Erm\u00e4chtigung.<\/p>\n","protected":false},"featured_media":7172,"template":"","meta":{"_acf_changed":false,"inline_featured_image":false,"_price":"15.00","_stock":"0","_tribe_ticket_header":"","_tribe_default_ticket_provider":"","_ticket_start_date":"","_ticket_end_date":"","_tribe_ticket_show_description":"","_tribe_ticket_show_not_going":false,"_tribe_ticket_use_global_stock":"","_tribe_ticket_global_stock_level":"","_global_stock_mode":"","_global_stock_cap":"","_tribe_rsvp_for_event":"","_tribe_ticket_going_count":"","_tribe_ticket_not_going_count":"","_tribe_tickets_list":"[]","_tribe_ticket_has_attendee_info_fields":false,"_tec_slr_enabled":"","_tec_slr_layout":""},"product_brand":[],"product_cat":[242,94],"product_tag":[289,284],"class_list":{"0":"post-7171","1":"product","2":"type-product","3":"status-publish","4":"has-post-thumbnail","6":"product_cat-allgemein-annuttarayoga-tantra","7":"product_cat-verlagsshop","8":"product_tag-annuttarayoga","9":"product_tag-tantra","10":"sales-flash-overlay","11":"woocommerce-text-align-center","12":"woocommerce-image-align-center","13":"do-quantity-buttons","15":"first","16":"outofstock","17":"taxable","18":"shipping-taxable","19":"purchasable","20":"product-type-simple"},"acf":[],"_links":{"self":[{"href":"https:\/\/www.tibethaus.com\/en\/wp-json\/wp\/v2\/product\/7171","targetHints":{"allow":["GET"]}}],"collection":[{"href":"https:\/\/www.tibethaus.com\/en\/wp-json\/wp\/v2\/product"}],"about":[{"href":"https:\/\/www.tibethaus.com\/en\/wp-json\/wp\/v2\/types\/product"}],"wp:featuredmedia":[{"embeddable":true,"href":"https:\/\/www.tibethaus.com\/en\/wp-json\/wp\/v2\/media\/7172"}],"wp:attachment":[{"href":"https:\/\/www.tibethaus.com\/en\/wp-json\/wp\/v2\/media?parent=7171"}],"wp:term":[{"taxonomy":"product_brand","embeddable":true,"href":"https:\/\/www.tibethaus.com\/en\/wp-json\/wp\/v2\/product_brand?post=7171"},{"taxonomy":"product_cat","embeddable":true,"href":"https:\/\/www.tibethaus.com\/en\/wp-json\/wp\/v2\/product_cat?post=7171"},{"taxonomy":"product_tag","embeddable":true,"href":"https:\/\/www.tibethaus.com\/en\/wp-json\/wp\/v2\/product_tag?post=7171"}],"curies":[{"name":"wp","href":"https:\/\/api.w.org\/{rel}","templated":true}]}}