{"id":6969,"date":"2023-09-13T13:34:53","date_gmt":"2023-09-13T11:34:53","guid":{"rendered":"https:\/\/www.tibethaus.com\/?post_type=product&#038;p=6969"},"modified":"2025-12-17T16:21:59","modified_gmt":"2025-12-17T15:21:59","slug":"wahrheit-und-illusion-ein-buddhistischer-blick-auf-eine-welt-der-taeuschung-karl-heinz-brodbeck","status":"publish","type":"product","link":"https:\/\/www.tibethaus.com\/en\/produkt\/wahrheit-und-illusion-ein-buddhistischer-blick-auf-eine-welt-der-taeuschung-karl-heinz-brodbeck\/","title":{"rendered":"Wahrheit und Illusion &#8211; Ein buddhistischer Blick auf eine Welt der T\u00e4uschung | Karl-Heinz Brodbeck"},"content":{"rendered":"<p>Fake News, eine \u201emedial erlogene Wirklichkeit\u201c sowie eine zunehmende Unsicherheit, zu wissen, was Wahrheit und was Illusion ist, sind f\u00fcr uns zum Alltag geworden.<\/p>\n<p>Karl-Heinz Brodbeck thematisiert in seinem neuen Buch das h\u00f6chst aktuelle Thema und richtet sich dabei an Leser\/innen, die den Diskurs sch\u00e4tzen und der eigenen Einsicht vertrauen. Er zeigt zun\u00e4chst auf, dass Wahrheit und Illusion im Abendland und in der buddhistischen Tradition bis auf wenige Ausnahmen verschieden interpretiert werden und st\u00fctzt sich dann konsequent auf die buddhistische Philosophie des Mittleren Weges, erg\u00e4nzt um die erkenntnistheoretische und die Nur-Geist-Schule.<\/p>\n<p>Kraft dieser Methoden k\u00f6nnen wir lernen, \u00fcber Illusionen, T\u00e4uschungen, F\u00e4lschungen, Fiktionen und L\u00fcgen vern\u00fcnftige, dem Dialog verpflichtete und ethisch begr\u00fcndbare Aussagen zu machen, jedoch ohne neue Dogmen zu schaffen. Auch wir k\u00f6nnen durch g\u00fcltige Erkenntnis unser nat\u00fcrliches, im Menschen angelegtes, Streben nach Gl\u00fcck in selbstbestimmte, realisierbare Bahnen lenken, etwas, was die meisten Gl\u00fccks-versprechen der Konsumwelt nicht einl\u00f6sen.<\/p>\n","protected":false},"excerpt":{"rendered":"<p>Fake News, eine \u201emedial erlogene Wirklichkeit\u201c sowie eine zunehmende Unsicherheit, zu wissen, was Wahrheit und was Illusion ist, sind f\u00fcr uns zum Alltag geworden.<\/p>\n<p>Karl-Heinz Brodbeck thematisiert in seinem neuen Buch das h\u00f6chst aktuelle Thema und richtet sich dabei an Leser\/innen, die den Diskurs sch\u00e4tzen und der eigenen Einsicht vertrauen. Er zeigt zun\u00e4chst auf, dass Wahrheit und Illusion im Abendland und in der buddhistischen Tradition bis auf wenige Ausnahmen verschieden interpretiert werden und st\u00fctzt sich dann konsequent auf die buddhistische Philosophie des Mittleren Weges, erg\u00e4nzt um die erkenntnistheoretische und die Nur-Geist-Schule.<\/p>\n<p>Kraft dieser Methoden k\u00f6nnen wir lernen, \u00fcber Illusionen, T\u00e4uschungen, F\u00e4lschungen, Fiktionen und L\u00fcgen vern\u00fcnftige, dem Dialog verpflichtete und ethisch begr\u00fcndbare Aussagen zu machen, jedoch ohne neue Dogmen zu schaffen. Auch wir k\u00f6nnen durch g\u00fcltige Erkenntnis unser nat\u00fcrliches, im Menschen angelegtes, Streben nach Gl\u00fcck in selbstbestimmte, realisierbare Bahnen lenken, etwas, was die meisten Gl\u00fccks-versprechen der Konsumwelt nicht einl\u00f6sen.<\/p>\n","protected":false},"featured_media":6970,"template":"","meta":{"_acf_changed":false,"inline_featured_image":false,"_price":"29.00","_stock":"191","_tribe_ticket_header":"","_tribe_default_ticket_provider":"","_ticket_start_date":"","_ticket_end_date":"","_tribe_ticket_show_description":"","_tribe_ticket_show_not_going":false,"_tribe_ticket_use_global_stock":"","_tribe_ticket_global_stock_level":"","_global_stock_mode":"","_global_stock_cap":"","_tribe_rsvp_for_event":"","_tribe_ticket_going_count":"","_tribe_ticket_not_going_count":"","_tribe_tickets_list":"[]","_tribe_ticket_has_attendee_info_fields":false,"_tec_slr_enabled":"","_tec_slr_layout":""},"product_brand":[],"product_cat":[220,222,94],"product_tag":[266,280,281],"class_list":{"0":"post-6969","1":"product","2":"type-product","3":"status-publish","4":"has-post-thumbnail","6":"product_cat-buecher-shop","7":"product_cat-buecher-buecher-shop","8":"product_cat-verlagsshop","9":"product_tag-buddhismus","10":"product_tag-karl-heinz-brodbeck","11":"product_tag-philosophie","12":"sales-flash-overlay","13":"woocommerce-text-align-center","14":"woocommerce-image-align-center","15":"do-quantity-buttons","17":"first","18":"instock","19":"taxable","20":"shipping-taxable","21":"purchasable","22":"product-type-simple"},"acf":[],"_links":{"self":[{"href":"https:\/\/www.tibethaus.com\/en\/wp-json\/wp\/v2\/product\/6969","targetHints":{"allow":["GET"]}}],"collection":[{"href":"https:\/\/www.tibethaus.com\/en\/wp-json\/wp\/v2\/product"}],"about":[{"href":"https:\/\/www.tibethaus.com\/en\/wp-json\/wp\/v2\/types\/product"}],"wp:featuredmedia":[{"embeddable":true,"href":"https:\/\/www.tibethaus.com\/en\/wp-json\/wp\/v2\/media\/6970"}],"wp:attachment":[{"href":"https:\/\/www.tibethaus.com\/en\/wp-json\/wp\/v2\/media?parent=6969"}],"wp:term":[{"taxonomy":"product_brand","embeddable":true,"href":"https:\/\/www.tibethaus.com\/en\/wp-json\/wp\/v2\/product_brand?post=6969"},{"taxonomy":"product_cat","embeddable":true,"href":"https:\/\/www.tibethaus.com\/en\/wp-json\/wp\/v2\/product_cat?post=6969"},{"taxonomy":"product_tag","embeddable":true,"href":"https:\/\/www.tibethaus.com\/en\/wp-json\/wp\/v2\/product_tag?post=6969"}],"curies":[{"name":"wp","href":"https:\/\/api.w.org\/{rel}","templated":true}]}}