{"id":12929,"date":"2024-06-12T11:38:32","date_gmt":"2024-06-12T09:38:32","guid":{"rendered":"https:\/\/www.tibethaus.com\/?post_type=product&#038;p=12929"},"modified":"2026-04-10T16:42:52","modified_gmt":"2026-04-10T14:42:52","slug":"thangka-shakyamuni-buddha","status":"publish","type":"product","link":"https:\/\/www.tibethaus.com\/en\/produkt\/thangka-shakyamuni-buddha\/","title":{"rendered":"Thangka Shakyamuni Buddha"},"content":{"rendered":"<p>Thangka Shakyamuni Buddha , Bild 48 x 32.5 cm, eingen\u00e4ht in Brokat 100 x 55 cm<\/p>\n<p><span data-contrast=\"auto\">Unsere hochwertigen, detailgetreuen Thangkas (Rollbilder) werden von K\u00fcnstlern in Nepal (Patan) einzeln nach unseren ikonografischen W\u00fcnschen in traditioneller Weise gemalt und vom Tibethaus Shop direkt importiert. Der Stil orientiert sich an den Thangkas, die das Tibethaus fr\u00fcher aus der Provinz Dagyab in Tibet bekommen hat, die aber seit einigen Jahren nicht mehr erh\u00e4ltlich sind. Die Malereien sind ca. 48 x 33 cm gro\u00df und in dreifarbigen Brokatstoff eingen\u00e4ht. Inklusive Brokat messen die Thangkas ca. 100 x 55 cm. Auf der Unterseite ist ein stabiler Holzstab in den Brokatstoff eingearbeitet, auf dem das Bild eingerollt werden kann, mit einem gelben aufraffbaren Brokatstoff wird die Malerei beim Einrollen gesch\u00fctzt und auf der Oberseite befindet sich ein Stoffband zum Aufh\u00e4ngen.<\/span><span data-ccp-props=\"{&quot;201341983&quot;:0,&quot;335559685&quot;:-709,&quot;335559737&quot;:-709,&quot;335559739&quot;:160,&quot;335559740&quot;:256}\">\u00a0<\/span><\/p>\n<p><span data-contrast=\"auto\">Wir bieten im Onlineshop zun\u00e4chst eine Auswahl von Thangkas an. Sie bekommen genau den hier abgebildeten Thangka. Gerne k\u00f6nnen Sie unter <\/span><a href=\"mailto:Shop@tibethaus.com\"><span data-contrast=\"none\">Shop@tibethaus.com<\/span><\/a><span data-contrast=\"auto\"> nachfragen, ob wir einen von ihnen gew\u00fcnschten Thangka besorgen k\u00f6nnen.<\/span><span data-ccp-props=\"{&quot;201341983&quot;:0,&quot;335559685&quot;:-709,&quot;335559737&quot;:-709,&quot;335559739&quot;:160,&quot;335559740&quot;:256}\">\u00a0<\/span><\/p>\n<p><span data-contrast=\"auto\">Sie k\u00f6nnen die Thangkas direkt mit Paypal bezahlen oder auf Rechnung mit Vorauskasse bestellen. Der Versand erfolgt normalerweise einmal w\u00f6chentlich.<\/span><span data-ccp-props=\"{&quot;201341983&quot;:0,&quot;335559685&quot;:-709,&quot;335559737&quot;:-709,&quot;335559739&quot;:160,&quot;335559740&quot;:256}\">\u00a0<\/span><\/p>\n","protected":false},"excerpt":{"rendered":"<p><span data-contrast=\"auto\">Unsere hochwertigen, detailgetreuen Thangkas (Rollbilder) werden von K\u00fcnstlern in Nepal (Patan) einzeln nach unseren ikonografischen W\u00fcnschen in traditioneller Weise gemalt und vom Tibethaus Shop direkt importiert. Der Stil orientiert sich an den Thangkas, die das Tibethaus fr\u00fcher aus der Provinz Dagyab in Tibet bekommen hat, die aber seit einigen Jahren nicht mehr erh\u00e4ltlich sind. Die Malereien sind in dreifarbigen Brokatstoff eingen\u00e4ht. Auf der Unterseite ist ein stabiler Holzstab in den Brokatstoff eingearbeitet, auf dem das Bild eingerollt werden kann, mit einem gelben aufraffbaren Brokatstoff wird die Malerei beim Einrollen gesch\u00fctzt und auf der Oberseite befindet sich ein Stoffband zum Aufh\u00e4ngen.<\/span><span data-ccp-props=\"{&quot;201341983&quot;:0,&quot;335559685&quot;:-709,&quot;335559737&quot;:-709,&quot;335559739&quot;:160,&quot;335559740&quot;:256}\">\u00a0<\/span><\/p>\n","protected":false},"featured_media":12930,"template":"","meta":{"_acf_changed":false,"inline_featured_image":false,"_price":"390.00","_stock":"1","_tribe_ticket_header":"","_tribe_default_ticket_provider":"","_ticket_start_date":"","_ticket_end_date":"","_tribe_ticket_show_description":"","_tribe_ticket_show_not_going":false,"_tribe_ticket_use_global_stock":"","_tribe_ticket_global_stock_level":"","_global_stock_mode":"","_global_stock_cap":"","_tribe_rsvp_for_event":"","_tribe_ticket_going_count":"","_tribe_ticket_not_going_count":"","_tribe_tickets_list":"[]","_tribe_ticket_has_attendee_info_fields":false,"_tec_slr_enabled":"","_tec_slr_layout":""},"product_brand":[],"product_cat":[422,515],"product_tag":[514,516],"class_list":{"0":"post-12929","1":"product","2":"type-product","3":"status-publish","4":"has-post-thumbnail","6":"product_cat-shopshop","7":"product_cat-thangkas","8":"product_tag-shakyamunibuddha","9":"product_tag-thangka","10":"product_shipping_class-versandklasse-statue-de","11":"sales-flash-overlay","12":"woocommerce-text-align-center","13":"woocommerce-image-align-center","14":"do-quantity-buttons","15":"wc-has-gallery","17":"first","18":"instock","19":"taxable","20":"shipping-taxable","21":"purchasable","22":"product-type-simple"},"acf":[],"_links":{"self":[{"href":"https:\/\/www.tibethaus.com\/en\/wp-json\/wp\/v2\/product\/12929","targetHints":{"allow":["GET"]}}],"collection":[{"href":"https:\/\/www.tibethaus.com\/en\/wp-json\/wp\/v2\/product"}],"about":[{"href":"https:\/\/www.tibethaus.com\/en\/wp-json\/wp\/v2\/types\/product"}],"wp:featuredmedia":[{"embeddable":true,"href":"https:\/\/www.tibethaus.com\/en\/wp-json\/wp\/v2\/media\/12930"}],"wp:attachment":[{"href":"https:\/\/www.tibethaus.com\/en\/wp-json\/wp\/v2\/media?parent=12929"}],"wp:term":[{"taxonomy":"product_brand","embeddable":true,"href":"https:\/\/www.tibethaus.com\/en\/wp-json\/wp\/v2\/product_brand?post=12929"},{"taxonomy":"product_cat","embeddable":true,"href":"https:\/\/www.tibethaus.com\/en\/wp-json\/wp\/v2\/product_cat?post=12929"},{"taxonomy":"product_tag","embeddable":true,"href":"https:\/\/www.tibethaus.com\/en\/wp-json\/wp\/v2\/product_tag?post=12929"}],"curies":[{"name":"wp","href":"https:\/\/api.w.org\/{rel}","templated":true}]}}